{"id":998,"date":"2012-10-16T08:26:12","date_gmt":"2012-10-16T06:26:12","guid":{"rendered":"http:\/\/tervunen.tahkuranna.org\/?page_id=998"},"modified":"2022-02-02T14:25:20","modified_gmt":"2022-02-02T12:25:20","slug":"ajalugu","status":"publish","type":"page","link":"http:\/\/tervunen.tahkuranna.org\/?page_id=998","title":{"rendered":"T\u00f5u tutvustus"},"content":{"rendered":"<div>\n<h1>&nbsp;<a href=\"http:\/\/tervunen.tahkuranna.org\/wp-content\/uploads\/2011\/04\/AAS_3812.jpg\"><img loading=\"lazy\" class=\"aligncenter size-medium wp-image-1267\" src=\"http:\/\/tervunen.tahkuranna.org\/wp-content\/uploads\/2011\/04\/AAS_3812-590x393.jpg\" alt=\"AAS_3812\" width=\"590\" height=\"393\" srcset=\"http:\/\/tervunen.tahkuranna.org\/wp-content\/uploads\/2011\/04\/AAS_3812-590x393.jpg 590w, http:\/\/tervunen.tahkuranna.org\/wp-content\/uploads\/2011\/04\/AAS_3812-950x633.jpg 950w\" sizes=\"(max-width: 590px) 100vw, 590px\" \/><\/a><\/h1>\n<p>Belgia lambakoerad on targad, kergesti koolitatavad ja s\u0151nakuulelikud. Nad on v\u00e4ga ustavad ja lojaalsed oma perekonnale, v\u0151\u0151raste suhtes umbusklikud. Nad on julged ja vajadusel valmis oma perekonda kaitsma. Ta on energiline ja liikuv, sobib ainult aktiivsele inimesele.<\/p>\n<p>Belgia lambakoerad on keskmist kasvu, turjak\u0151rgus on 58-62 cm. Karvakate on k\u0151ikidel paksu aluskarvaga ja v\u00e4ga ilmastikukindel. Laekenois on karmikarvaline, punakaspruuni v\u00e4rvusega mustade m\u00e4rkidega, Groenendael on \u00fchev\u00e4rviline must, poolpika karvaga, Tervueren on pikakarvaline, karvaotsad mustad, p\u0151hiv\u00e4rvus liivav\u00e4rvi v\u0151i punakaspruun ja Malinois on punakaspruuni v\u00e4rvusega ja l\u00fchikarvaline.<\/p>\n<\/div>\n<p><strong>T\u00f5ustandard<\/strong><\/p>\n<div>P\u00c4RITOLU: BelgiaKASUTUS: Algup\u00e4rane lambakoer, t\u00e4nap\u00e4eval teenistuskoer (valvekoer, kaitsekoer, j\u00e4lituskoer jne), kes<br \/>\non \u00fchev\u00f5rra nii teenistus- kui ka perekoerFCI KLASSIFIKATSIOON:<br \/>\nR\u00fchm 1<br \/>\nLamba- ja karjakoerad (v\u00e4lja arvatud \u0161veitsi alpi karjakoerad)<br \/>\nAlar\u00fchm 1<br \/>\nLambakoerad<br \/>\nT\u00f6\u00f6katsetega.\u00dcLDMULJE:<br \/>\nHarmoonilise kehaehitusega koer, kellel on keskmised proportsioonid, omavahel \u00fchendatud elegants ja tugevus. Tal on ruudukujuline kehaehitus ja ta on keskmise suurusega; tema lihastik on tugev ja kuiv. Ta on<br \/>\nvastupanuv\u00f5imeline, kohanenud eluks vabaduses ja talub h\u00e4sti Belgias nii tavalisi klimaatilisi k\u00f5ikumisi. T\u00e4nu oma kehaehituse harmoonilisusele ja uhkele peahoiakule j\u00e4tab belgia lambakoer mulje, milles elegants ja robustsus v\u00f5rdselt liituvad teenistuskoerale vajalikuks v\u00e4\u00e4rikaks j\u00f5uks. Belgia lambakoer peab olema v\u00f5imeline esinema r\u00fchikalt ja loomulike seisudega ka ilma kehalise kontaktita oma esitajaga.T\u00c4HTSAIMAD PROPORTSIOONID:<br \/>\nBelgia lambakoeral on ruudukujuline kehaehitus. Rinnakorv ulatub kuni k\u00fc\u00fcnarnuki k\u00f5rguseni. Koonuosa<br \/>\npikkus on v\u00f5rdne poole peapikkusega v\u00f5i \u00fcletab seda veidi.<\/p>\n<p>K\u00c4ITUMINE JA ISELOOM :<br \/>\nBelgia lambakoer on valvas ja liikuv, \u00fclevoolavalt elav ja j\u00e4tkuvalt tegutsemisvalmis. Lisaks kaasas\u00fcndinud karja ajamise v\u00f5imele on tal ka maja ja \u00f5ue suurep\u00e4rasele valvurile vajalikud v\u00e4\u00e4rtuslikud omadused. Ta seisab oma isanda eest ilma v\u00e4hemagi k\u00f5hkluseta, taandumata ja kirglikult. Ta \u00fchendab endas k\u00f5iki lambakoerale, valvekoerale, kaitsekoerale ja teenistuskoerale n\u00f5utavaid eeldusi. Tema elav ja virge temperament ning tema kindla iseloomu erip\u00e4rad, milles ei leidu hirmu ega agressiivsust, avalduvad juba tema kehahoiakus ja s\u00e4ravate silmade t\u00e4helepanelikus ilmes. Hindamisel tuleb eriti arvestada \u201erahulikku\u201c ja \u201ekartmatut\u201c temperamenti.<\/p>\n<p>PEA<br \/>\nK\u00f5rge hoiakuga; mitte liialdatult pikk, sirgete piirjoontega, h\u00e4sti voolitud ja kuiv. Koljuosa ja koon on ligikaudu \u00fchepikkused; koon v\u00f5ib vaid \u00f5ige veidi pikem olla, mis annab \u00fcldpildile oma viimase lihvi.<\/p>\n<p>PEAPIIRKOND:<br \/>\nKolju : Keskmise laiusega, pea pikkuse suhtes sobivas proportsioonis, pigem lamedama kui kumera laubaga ja<br \/>\nm\u00f5\u00f5dukalt esile tuleva laubavaoga. K\u00fcljelt vaadates kulgeb \u00fclajoon paralleelselt ninaselja joone m\u00f5ttelise<br \/>\npikendusega. Kuklak\u00fchm on m\u00f5\u00f5dukalt v\u00e4ljendunud.<br \/>\nKulmukaared ja sarnaluud ei tule selgelt esile.<br \/>\n\u00dcleminek laubalt koonule : M\u00f5\u00f5dukalt v\u00e4ljendunud.<\/p>\n<p>N\u00c4OPIIRKOND:<br \/>\nNinapeegel : Must.<br \/>\nKoon : Keskmise pikkusega, silmade alt h\u00e4sti voolitud; aheneb \u00fchtlaselt nina suunas ja v\u00f5tab pikendatud kiilu kuju. Ninaselg on sirge ja kulgeb paralleelselt lauba \u00fclajoone m\u00f5ttelise pikendusega. Koon avaneb suurelt ja laialt, see t\u00e4hendab, et avatud suu korral on suunurgad tugevasti tahapoole venitunud ja l\u00f5ualuud eemalduvad teineteisest h\u00e4sti laialt.<br \/>\nMokad : \u00d5hukesed, tihedalt liibuvad ja tugevasti pigmenteerunud.<br \/>\nL\u00f5uad\/hambad : Hambad h\u00e4sti arenenud l\u00f5ualuudes on suured, valged, korrap\u00e4rased ja tugevad. K\u00e4\u00e4ritaoline<br \/>\nhambumus; lubatud on ka lamba- ja veisekasvatajate juures soositud otsehambumus. Hammastik on koera<br \/>\nhambaskeemi kohaselt t\u00e4iskomplektne. Kahe 1. premolaari (PM1) puudumine on lubatud; 3. molaare (M3)<br \/>\nei pruugi arvestada.<br \/>\nP\u00f5sed : Kuivad ja t\u00e4iesti lamedad, siiski h\u00e4sti lihaselised.<br \/>\nSilmad : Keskmise suurusega, mitte liiga s\u00fcgava asetusega ega ka v\u00e4lja pungitunud, kergelt<br \/>\nmandlikujulised, viltuse asetusega, pruuni v\u00e4rvi, kusjuures tumedam silmav\u00e4rv on eelistatum. Silmalaugude servad on musta v\u00e4rvi \u00e4\u00e4ristusega. Pilk on aval, elav, nutikas ja terane.<br \/>\nK\u00f5rvad : \u00dcsna v\u00e4ikesed, k\u00f5rge asetusega, v\u00e4liselt v\u00f5rdk\u00fclgse kolmurga kujuline. K\u00f5rvaleht on h\u00e4sti kokku<br \/>\nkeeratud. K\u00f5rvade tipud on \u00fclesse suunatud ja t\u00e4helepanelikkuse korral t\u00e4iesti p\u00fcstised.<br \/>\nKAEL:<br \/>\nHea asetusega, veidi piklik, \u00fcsna p\u00fcstine, hea lihastikuga ja \u00f5lgade suunas \u00fchtlaselt laienev. Ilma kaelalotita. Kuklajoon on veidi kaarduv.<\/p>\n<p>KERE<br \/>\nTugev, kuid ilma raskep\u00e4rasuseta. \u00d5lanukist istmikunukini m\u00f5\u00f5detud kerepikkus vastab umbes turjak\u00f5rgusele.<br \/>\n\u00dclajoon : Selja ja nimmeosa \u00fclajoon on sirge.<br \/>\nTuri : H\u00e4sti r\u00f5hutatud.<br \/>\nSelg : Tugev, l\u00fchike ja h\u00e4sti lihaseline.<br \/>\nNimme (lanne) : J\u00f5uline, l\u00fchike, suhteliselt lai, h\u00e4sti lihaseline.<br \/>\nLaudjas : H\u00e4sti lihaseline; vaid \u00fcsna kergelt laskuv; suhteliselt, kuid mitte \u00fclem\u00e4\u00e4raselt, lai.<br \/>\nRindkere : Mitte laiusesse vaid s\u00fcgavusse ulatuv; roided on nende \u00fclaosast kaarduvad; eestpoolt vaadates on<br \/>\neesrind v\u00e4hese laiusega, samas aga ka mitte kitsas.<br \/>\nAlajoon : See saab alguse rinna alt ja kulgeb t\u00f5usvalt harmoonilise kaarega k\u00f5huni, mis ei saa olla liiga t\u00e4idlane ega ka hurda moodi \u00fclest\u00f5mmatud, vaid peaks olema kergelt t\u00f5usev ja h\u00e4sti arenenud.<\/p>\n<p>SABA:<br \/>\nHea asetusega, tugeva t\u00fcvega, keskmise pikkusega, v\u00e4hemalt kannaliigeseni ulatuv, eelistatavalt veelgi<br \/>\nmadalamale ulatuv; rahuolekus rippuvas asendis ja v\u00f5ib tipus umbes kannaliigese k\u00f5rgusel moodustada kerge<br \/>\nkumeruse tahasuunas; liikumisel v\u00f5ib saba t\u00f5usta k\u00f5rgemale, kuid mitte \u00fcle horisontaaljoone, ja tipust<br \/>\ntugevamini keerdudes, samas konksu moodustamata v\u00f5i k\u00fcljele p\u00f6\u00f6rdumata.<\/p>\n<p>J\u00c4SEMED<br \/>\nESIJ\u00c4SEMED :<br \/>\nLuustik on tugev kuid mitte raske; lihastik on kuiv ja sitke; jalgade seisud on igast vaatenurgast p\u00fcstised ning eestvaates t\u00e4iesti paralleelsed.<br \/>\n\u00d5lad : Labaluu on pikk ja kaldus, tihedalt liibuv ja moodustab \u00f5lavarrega piisava nurga, ideaalis 110-115\u00ba<br \/>\nnurgaga.<br \/>\n\u00d5larvarred : Pikad ja suhteliselt kaldus.<br \/>\nK\u00fc\u00fcnarnukid : Tugevad, mitte v\u00e4lja p\u00f6\u00f6ratud ega ka liiga kitsa asetusega.<br \/>\nK\u00fc\u00fcnarvarred : Pikad, sirged.<br \/>\nRandmeliigesed : H\u00e4sti tihked ja selgete piirjoontega.<br \/>\nK\u00e4mblad : Tugevad ja l\u00fchikesed, aluspinna suhtes<br \/>\nv\u00f5imalikult p\u00fcstise asetusega ja vaid veidi ettepoole kaldunud.<br \/>\nEsik\u00e4pad : \u00dcmarad kassik\u00e4pad. Varbad on kumerad ja tihedalt kokku hoiduvad, k\u00e4papadjandid on paksud ja<br \/>\nelastsed ning k\u00fc\u00fcned on tumedad ja tugevad.<\/p>\n<p>TAGAJ\u00c4SEMED<br \/>\nJ\u00f5ulised, kuid mitte rasked. K\u00fcljelt vaadates seisavad tagajalad p\u00fcstiselt ja tagant vaadates t\u00e4iesti paralleelselt.<br \/>\nReied : Keskmise pikkusega, laiad, h\u00e4sti lihaselised.<br \/>\nP\u00f5lveliigesed : Asetsevad ligikaudu otse puusaliigeste all; normaalselt nurgitunud.<br \/>\nS\u00e4\u00e4red : Keskmise pikkusega, laiad, lihaselised.<br \/>\nKannaliigesed : Madalal asetsevad, laiad ja lihaselised, suhteliselt h\u00e4sti arenenud.<\/p>\n<p>P\u00f6iad : Tihked ja l\u00fchikesed. Lisavarbad on ebasoovitavad.<br \/>\nTagak\u00e4pad : V\u00f5ivad olla veidi ovaalsed. Varbad on kaardunud ja tihedalt kokku hoiduvad, k\u00e4papadjandid on<br \/>\npaksud ja elastsed ning k\u00fc\u00fcned on tumedad ja tugevad.<\/p>\n<p>LIIKUMINE:<br \/>\nLiikumise mehhaanika k\u00f5ikide all\u00fc\u00fcride korral on elav ja vaba. Belgia lambakoeral on hea galopp, kuid<br \/>\nenamkasutatavateks liikumisviisideks on samm ja eelk\u00f5ige traav. Jalad liiguvad kehateljega samasuunaliselt.<br \/>\nKiiruste kasvades l\u00e4henevad k\u00e4pad liikumise keskjoonele.<br \/>\nTraav on keskmise pikkusega edenev; liigutused on \u00fchtlased ja sujuvad, hea tagajala t\u00f5ukega, kusjuures<br \/>\n\u00fclajoon j\u00e4\u00e4b kindlaks ja esijalg ei t\u00f5use \u00fclem\u00e4\u00e4ra k\u00f5rgele.<br \/>\nLiikumisel n\u00e4ib belgia lambakoer v\u00e4simatuna. Tema liigutused on kiired, n\u00f5tked ja elavad. Ta on v\u00f5imeline<br \/>\nsuure kiiruse juures sooritama j\u00e4rske suunamuutusi.<br \/>\n\u00dclevoolavast temperamendist tulenevalt ja tema valvening kaitsevajaduse olulisest koosm\u00f5just tuleb see, et ta on pidevas liikumises.<\/p>\n<p>NAHK :<br \/>\nElastne, kuid kogu kerel tihedalt liibuv; mokaservad ja silmalaugude servad on tugevasti pigmenteerunud.<\/p>\n<p>KARVKATE ja VARIATSIOONID :<br \/>\nKuna belgia lambakoertel esineb mitmesugust karvkatte pikkust, kasvusuunda, struktuuri ja ka v\u00e4rvust, on need tunnused kriteeriumiks nelja t\u00f5usisese variatsiooni eristamiseks : groenendael, tervueren, malinois ja<br \/>\nlakenois. Neid nelja variatsiooni hinnatakse omaette ja iga\u00fcks neist v\u00f5istleb oma CACi, oma CACIBi ning vastava reserv-sertifikaadi omistamise eest.<br \/>\nKarva struktuur : K\u00f5ikidel variatsioonidel on karv alati tihe, liibuv ja hea tekstuuriga; see moodustab koos alusvillaga suurep\u00e4rase kaitseva kasuka.<\/p>\n<p>PIKAKARVALINE : Karv on l\u00fchike peas, k\u00f5rvalehtede v\u00e4lisk\u00fclgedel ja jalgadel, v\u00e4lja arvatud pika karvaga<br \/>\nk\u00fc\u00fcnarvarre tagak\u00fclg k\u00fc\u00fcnarnukist randmeni, kus on niinimetatud narmad. \u00dclej\u00e4\u00e4nud kerel on karv pikk ja sile, pikem ja rikkalikum \u00fcmber kaela ning rinna ees, millest moodustuvad kaelus ja manisk. K\u00f5rvak\u00e4ikude avad on kaitstud tiheda karvapuhmaga. K\u00f5rvat\u00fcvede \u00fcmber olevast lopsakast karvast tekib pea raamistus. Kintsude tagak\u00fclgedele kasvavad pikad ja rikkalikud karvad moodustavad niinimetatud \u201cp\u00fcksid\u201d. Sabas on rohke ja pika karva moodustatud vimpel.<br \/>\nGroenendael ja tervueren on pikakarvalised.<\/p>\n<p>L\u00dcHIKARVALINE : Peas, k\u00f5rvade v\u00e4lisk\u00fclgedel ja jalgadel on karv h\u00e4sti l\u00fchike. Kogu kerel on see l\u00fchike, rikkalikum sabas ja kaela \u00fcmber, kus sellest moodustub kaelus, mis saab alguse k\u00f5rvat\u00fcvede juurest ja h\u00e4\u00e4bub kurgu alla. Seejuures on kintsude tagak\u00fcljed pikema karvaga narmastatud. Saba on viljapea-kujuline tipu suunas pikemate turritavate karvadega, kuid ei moodusta vimplit.<br \/>\nMalinois on l\u00fchikarvaline.<\/p>\n<p>KARMIKARVALINE : Karmikarvalise variatsiooni tunnuseks on ennek\u00f5ike k\u00f5va ja kuiva struktuuriga karv,<br \/>\nmis on sakris ja puutudes otsekui \u201ckrudiseb\u201d. Kogu kerel on karva pikkus umbes 6 cm, kuid see on l\u00fchem<br \/>\nninaseljal, laubal ja jalgadel. Silmade \u00fcmber ning koonul ei tohi karv liiga rikkalik olla, et pea kuju sellest varjatud ei saaks. Sellest hoolimata peab koonu karvastik tingimata<br \/>\nh\u00e4sti arenenud olema. Sabakarvast ei tohi vimplit moodustuda.<br \/>\nLaekenois on karmikarvaline.<\/p>\n<p>V\u00c4RVUS:<br \/>\nMask : Tervueren\u2019il ja malinois\u2019l peab olema v\u00e4ga h\u00e4sti v\u00e4ljendunud mask, kusjuures on sama katkematu musta<br \/>\nalaga haaratud v\u00f5imalikult nii \u00fcla- ja alamokad, suunurk, silmalaud. Absoluutse miinimumn\u00f5udena peavad olema mustalt pigmenteerunud j\u00e4rgmised kuus kohta : m\u00f5lemad k\u00f5rvad, m\u00f5lemad \u00fclemised silmalaud ning \u00fcla- ja<br \/>\nalamokad.<br \/>\nMust looritus : Tervueren\u2019il ja malinois\u2019l p\u00f5hjustavad mustaks v\u00e4rvunud karvatipud musta loorituse, mis<br \/>\np\u00f5hiv\u00e4rvuse tumedamaks toonitab. Selline must toon peab m\u00f5juma \u201epeale puistatuna\u201c ning ei tohi v\u00f5tta suurte laikude kuju v\u00f5i tekitada tegelikku triibulisust (v\u00f6\u00f6te). Laekenois\u2019l avaldub must looritus k\u00f5ige v\u00e4hesemal m\u00e4\u00e4ral.<br \/>\nGroenendael : Ainult \u00fchev\u00e4rviliselt must.<\/p>\n<p>Tervueren : Ainult musta looriga liivakarva v\u00f5i musta looriga hall, m\u00f5lemad koos musta maskiga, eelistatum on siiski musta looriga liivakarva v\u00e4rvus. Liivakarva toon peab olema soe, mitte liiga hele ega valastunud. \u00dckski koer, kellel on looritatud liivakarva toonist teistsugune v\u00e4rvus v\u00f5i kelle v\u00e4rvin\u00fcansid ei vasta soovitud intensiivsusele, ei saa pretendeerida hindele \u201esuurep\u00e4rane\u201c.<\/p>\n<p>Malinois : Ainult musta looriga liivakarva v\u00e4rv koos musta maskiga.<\/p>\n<p>Laekenois : Ainult liivakarva, millel j\u00e4lgedena musta looritust, peamiselt koonul ja sabas.<br \/>\nK\u00f5ikide variatsioonide puhul on veidi valget eesrinnal ja varvastel lubatud.<\/p>\n<p>SUURUS, KEHAKAAL JA M\u00d5\u00d5DUD :<br \/>\nTurjak\u00f5rgus : Soovitud suurused on keskmised. 62 cm isastel ja 58 cm emastel.<br \/>\nLubatavus : k\u00f5ikumised kuni 2 cm alla ja kuni 4 cm \u00fcle.<br \/>\nKehakaal : Ligikaudu 25 \u2013 30 kg isastel ja ligikaudu 20 \u2013 25 kg emastel.<\/p>\n<p>M\u00f5\u00f5dud : Keskmised m\u00f5\u00f5dud belgia lambakoerale, kelle turjak\u00f5rgus on 62 cm :<br \/>\nkerepikkus (\u00f5lanukist istmikunukini m\u00f5\u00f5detuna) : 62 cm.<br \/>\nPeapikkus : 25 cm.<br \/>\nKoonupikkus : 12,5 kuni 13 cm.<\/p>\n<\/div>\n<p>&nbsp;<\/p>\n<p><strong>Ajalugu<\/strong><\/p>\n<p><a href=\"http:\/\/tervunen.tahkuranna.org\/?attachment_id=845\" rel=\"attachment wp-att-845\"><img loading=\"lazy\" title=\"Foto0740\" src=\"http:\/\/tervunen.tahkuranna.org\/wp-content\/uploads\/2011\/04\/Foto0740-950x712.jpg\" alt=\"\" width=\"342\" height=\"256\"><\/a><\/p>\n<p>Veel 18. sajandi&nbsp; l\u00f5pul oli Belgias suurel hulgal erit\u00fc\u00fcbilisi ja&nbsp; erineva&nbsp; karvkattega&nbsp; lamba-&nbsp; ja&nbsp; karjakoeri.&nbsp; Loomaks mingisugustki&nbsp; korrastatust&nbsp; selles&nbsp; ebaselguses,&nbsp; kogunes grupp vaimustunud k\u00fcnolooge selleks, et lasta Curegehmi veterinaar-\u00fclikooli&nbsp; juures dotsendina&nbsp; t\u00f6\u00f6taval professor A. Reul\u2019il&nbsp; end&nbsp; juhendada.&nbsp; Teda&nbsp; v\u00f5ib&nbsp; pidada&nbsp; t\u00f5u&nbsp; loojaks&nbsp; ja t\u00f5eliseks eestvedajaks.<br \/>\nAmetlikult&nbsp; tekkis&nbsp; t\u00f5ug&nbsp; ajavahemikul&nbsp; 1891&nbsp; kuni&nbsp; 1897.&nbsp; 29. septembril 1891 asutati Br\u00fcsselis Belgia lambakoerte klubi (Le Club&nbsp; du Chien&nbsp; de&nbsp; Berger&nbsp; Belge);&nbsp; veel&nbsp; samal&nbsp; aastal, 15.&nbsp; novembril,&nbsp; organiseeris&nbsp; prof&nbsp; A.&nbsp; Reul&nbsp; Cureghamis \u00fclevaatuse,&nbsp; millele&nbsp; kogunes&nbsp; 117&nbsp; koera;&nbsp; selline<br \/>\nkoondumine&nbsp; v\u00f5imaldas&nbsp; populatsiooni&nbsp; kirjeldamist&nbsp; ja parimate&nbsp; t\u00f5u esindajate v\u00e4lja valimist. J\u00e4rgnevate aastate jooksul&nbsp; viidi&nbsp; l\u00e4bi&nbsp; range&nbsp; selektsioon&nbsp; v\u00e4ikesearvulise, omavahel tihedas suguluses olevate aretusisaste hulgaga. 3. aprillil 1892 sai belgia lambakoerte klubi poolt koostatud ja&nbsp; vastu&nbsp; v\u00f5etud&nbsp; esimene,&nbsp; h\u00e4sti&nbsp; \u00fcksikasjalik&nbsp; t\u00f5ustandard. Tunnustamist&nbsp; leidis&nbsp; iseseisev&nbsp; t\u00f5ug&nbsp; oma&nbsp; kolme&nbsp; erineva karvkatte-variatsiooniga.&nbsp; Siiski,&nbsp; nagu&nbsp; toona&nbsp; r\u00e4\u00e4giti,&nbsp; j\u00e4i belgia&nbsp; lambakoer&nbsp; vaid&nbsp; lihtsate&nbsp; inimeste&nbsp; koeraks,&nbsp; seega t\u00f5uks,&nbsp; milleks&nbsp; ta&nbsp; etten\u00e4htud&nbsp; oligi.&nbsp; Selle&nbsp; p\u00e4rast&nbsp;&nbsp;&nbsp; kantigi esimesed&nbsp; belgia&nbsp; lambakoerad&nbsp; St.&nbsp; Hubert\u2019i&nbsp; kuningliku \u00fchingu&nbsp; (Soci\u00e9t\u00e9&nbsp; Royale&nbsp; St.Hubert&nbsp; \u2013&nbsp; L.O.S.H) t\u00f5uraamatusse alles aastal 1901. J\u00e4rgnevate&nbsp; aastate&nbsp; jooksul&nbsp; n\u00e4gid&nbsp; belgia&nbsp; lambakoera tuleviku ees vastutust tundvad k\u00fcnoloogid vaeva t\u00f5u t\u00fc\u00fcbi \u00fchtlustamise ja vigade parandamisega. V\u00f5ib aga \u00f6elda, et aastaks&nbsp; 1910&nbsp; oli&nbsp; belgia&nbsp; lambakoera&nbsp; t\u00fc\u00fcp&nbsp; ja&nbsp; iseloom kinnistunud.<br \/>\nAastate&nbsp; jooksul&nbsp; on&nbsp; belgia&nbsp; lambakoerte&nbsp; erinevate variatsioonide&nbsp; ja&nbsp; v\u00e4rvuste&nbsp; \u00fcle&nbsp; peetud&nbsp; vaidlusi,&nbsp; samas&nbsp; kui t\u00f5u&nbsp; morfoloogia,&nbsp; iseloomu&nbsp; ja&nbsp; kasutusotstarbe&nbsp; \u00fcle&nbsp; pole erimeelsusi olnud.<\/p>\n<p><a href=\"http:\/\/tervunen.tahkuranna.org\/?attachment_id=849\" rel=\"attachment wp-att-849\"><img loading=\"lazy\" title=\"Foto0748\" src=\"http:\/\/tervunen.tahkuranna.org\/wp-content\/uploads\/2011\/04\/Foto0748-950x712.jpg\" alt=\"\" width=\"627\" height=\"470\"><\/a><\/p>\n<p><strong>\u00dcldmulje<\/strong><\/p>\n<p>Harmoonilise&nbsp; kehaehitusega&nbsp; koer,&nbsp; kellel&nbsp; on&nbsp; keskmise proportsioonid, omavahel \u00fchendatud elegants&nbsp; ja&nbsp; tugevu Tal&nbsp; on&nbsp; ruudukujuline&nbsp; kehaehitus&nbsp; ja&nbsp; ta&nbsp; on&nbsp; keskmis suurusega;&nbsp; tema&nbsp; lihastik&nbsp; on&nbsp; tugev&nbsp; ja&nbsp; kuiv.&nbsp; Ta&nbsp; on vastupanuv\u00f5imeline, kohanenud eluks vabaduses&nbsp; ja&nbsp; talu<br \/>\nh\u00e4sti&nbsp; Belgias&nbsp; nii&nbsp; tavalisi&nbsp; klimaatilisi&nbsp; k\u00f5ikumisi.&nbsp; T\u00e4nu&nbsp; om kehaehituse harmoonilisusele&nbsp; ja uhkele peahoiakule&nbsp; j\u00e4ta belgia&nbsp; lambakoer&nbsp; mulje,&nbsp; milles&nbsp; elegants&nbsp; ja&nbsp; robustsu v\u00f5rdselt&nbsp; liituvad&nbsp; teenistuskoerale&nbsp; vajalikuks&nbsp; v\u00e4\u00e4rikak j\u00f5uks.&nbsp; Belgia&nbsp; lambakoer&nbsp; peab&nbsp; olema&nbsp; v\u00f5imeline&nbsp; esinem<br \/>\nr\u00fchikalt ja loomulike seisudega ka ilma kehalise kontaktit oma esitajaga.<\/p>\n<p><a href=\"http:\/\/tervunen.tahkuranna.org\/?attachment_id=236\" rel=\"attachment wp-att-236\"><img loading=\"lazy\" title=\"Brenda, Louis ja Tiiger\" src=\"http:\/\/tervunen.tahkuranna.org\/wp-content\/uploads\/2011\/04\/IMG_0236-590x442.jpg\" alt=\"\" width=\"396\" height=\"255\"><\/a><\/p>\n<p><strong>Iseloom<\/strong><\/p>\n<p>Belgia&nbsp; lambakoer&nbsp; on&nbsp; valvas&nbsp; ja&nbsp; liikuv,&nbsp; \u00fclevoolavalt&nbsp; elav&nbsp; ja j\u00e4tkuvalt&nbsp; tegutsemisvalmis.&nbsp; Lisaks&nbsp; kaasas\u00fcndinud&nbsp; karja ajamise&nbsp; v\u00f5imele&nbsp; on&nbsp; tal&nbsp; ka&nbsp;&nbsp;&nbsp; maja&nbsp; ja&nbsp; \u00f5ue&nbsp; suurep\u00e4rasele valvurile vajalikud v\u00e4\u00e4rtuslikud omadused. Ta seisab oma isanda&nbsp; eest&nbsp; ilma&nbsp; v\u00e4hemagi&nbsp; k\u00f5hkluseta,&nbsp; taandumata&nbsp; ja kirglikult.&nbsp; Ta&nbsp; \u00fchendab&nbsp; endas&nbsp; k\u00f5iki&nbsp; lambakoerale, valvekoerale,&nbsp; kaitsekoerale&nbsp; ja&nbsp; teenistuskoerale&nbsp; n\u00f5utavaid eeldusi. Tema elav ja virge temperament ning tema kindla iseloomu erip\u00e4rad, milles ei leidu hirmu ega agressiivsust, avalduvad&nbsp; juba&nbsp;&nbsp;&nbsp; tema&nbsp; kehahoiakus&nbsp; ja&nbsp; s\u00e4ravate&nbsp; silmade t\u00e4helepanelikus&nbsp; ilmes.&nbsp;&nbsp;&nbsp; Hindamisel&nbsp; tuleb&nbsp; eriti&nbsp; arvestada \u201erahulikku\u201c ja \u201ekartmatut\u201c temperamenti.<\/p>\n<p>Allikas: FCI standard: <a href=\"http:\/\/www.kennelliit.ee\/est\/standardid\/belgia_lambakoer_15.pdf\">Belgia lambakoer tervueren <\/a><\/p>\n","protected":false},"excerpt":{"rendered":"<p>&nbsp; Belgia lambakoerad on targad, kergesti koolitatavad ja s\u0151nakuulelikud. Nad on v\u00e4ga ustavad ja lojaalsed oma perekonnale, v\u0151\u0151raste suhtes umbusklikud. Nad on julged ja vajadusel valmis oma perekonda kaitsma. Ta on energiline ja liikuv, sobib ainult aktiivsele inimesele. Belgia lambakoerad &hellip; <a href=\"http:\/\/tervunen.tahkuranna.org\/?page_id=998\">J\u00e4tka lugemist <span class=\"meta-nav\">&rarr;<\/span><\/a><\/p>\n","protected":false},"author":3,"featured_media":0,"parent":0,"menu_order":0,"comment_status":"closed","ping_status":"closed","template":"","meta":[],"_links":{"self":[{"href":"http:\/\/tervunen.tahkuranna.org\/index.php?rest_route=\/wp\/v2\/pages\/998"}],"collection":[{"href":"http:\/\/tervunen.tahkuranna.org\/index.php?rest_route=\/wp\/v2\/pages"}],"about":[{"href":"http:\/\/tervunen.tahkuranna.org\/index.php?rest_route=\/wp\/v2\/types\/page"}],"author":[{"embeddable":true,"href":"http:\/\/tervunen.tahkuranna.org\/index.php?rest_route=\/wp\/v2\/users\/3"}],"replies":[{"embeddable":true,"href":"http:\/\/tervunen.tahkuranna.org\/index.php?rest_route=%2Fwp%2Fv2%2Fcomments&post=998"}],"version-history":[{"count":11,"href":"http:\/\/tervunen.tahkuranna.org\/index.php?rest_route=\/wp\/v2\/pages\/998\/revisions"}],"predecessor-version":[{"id":2014,"href":"http:\/\/tervunen.tahkuranna.org\/index.php?rest_route=\/wp\/v2\/pages\/998\/revisions\/2014"}],"wp:attachment":[{"href":"http:\/\/tervunen.tahkuranna.org\/index.php?rest_route=%2Fwp%2Fv2%2Fmedia&parent=998"}],"curies":[{"name":"wp","href":"https:\/\/api.w.org\/{rel}","templated":true}]}}