{"id":984,"date":"2012-09-10T20:10:53","date_gmt":"2012-09-10T18:10:53","guid":{"rendered":"http:\/\/tervunen.tahkuranna.org\/?page_id=984"},"modified":"2023-08-25T16:22:48","modified_gmt":"2023-08-25T14:22:48","slug":"2012-august","status":"publish","type":"page","link":"http:\/\/tervunen.tahkuranna.org\/?page_id=984","title":{"rendered":"2012 kokkutulekute alla"},"content":{"rendered":"<p>04.08.2012 toimus Brenda j\u00e4rglaste III kokkutulek.Seekord oli j\u00e4rglasi juba kaks pesakonda + Britta(I-pesakonnast) 3 kutsikat.Ilma oli v\u00e4ga ilus ja koeri tuli ka palju kohale.K\u00fclalisena oli meil treener Riina Pertens (koerus koeraspordikubist), kes tegi meile toreda koolituse.<\/p>\n<p><a href=\"http:\/\/tervunen.tahkuranna.org\/?attachment_id=987\" rel=\"attachment wp-att-987\"><img loading=\"lazy\" class=\"aligncenter size-medium wp-image-987\" title=\"I-pesakonna koerad\" src=\"http:\/\/tervunen.tahkuranna.org\/wp-content\/uploads\/2012\/09\/DSC_2782-590x389.jpg\" alt=\"\" width=\"590\" height=\"389\" srcset=\"http:\/\/tervunen.tahkuranna.org\/wp-content\/uploads\/2012\/09\/DSC_2782-590x389.jpg 590w, http:\/\/tervunen.tahkuranna.org\/wp-content\/uploads\/2012\/09\/DSC_2782-950x627.jpg 950w\" sizes=\"(max-width: 590px) 100vw, 590px\" \/><\/a>I pesakonna koerad-Shadow- mamma Brenda-Louis-Bruse-Tigger<\/p>\n<p><a href=\"http:\/\/tervunen.tahkuranna.org\/?attachment_id=988\" rel=\"attachment wp-att-988\"><img loading=\"lazy\" class=\"aligncenter size-medium wp-image-988\" title=\"II pesakond\" src=\"http:\/\/tervunen.tahkuranna.org\/wp-content\/uploads\/2012\/09\/DSC_2636-590x389.jpg\" alt=\"\" width=\"590\" height=\"389\" srcset=\"http:\/\/tervunen.tahkuranna.org\/wp-content\/uploads\/2012\/09\/DSC_2636-590x389.jpg 590w, http:\/\/tervunen.tahkuranna.org\/wp-content\/uploads\/2012\/09\/DSC_2636-950x627.jpg 950w\" sizes=\"(max-width: 590px) 100vw, 590px\" \/><\/a>II pesakonna koerad-Bianca- Bibbi-Britta &#8211; mamma Brenda- isa Franco- Bresly<\/p>\n<p><a href=\"http:\/\/tervunen.tahkuranna.org\/?attachment_id=989\" rel=\"attachment wp-att-989\"><img loading=\"lazy\" class=\"aligncenter size-medium wp-image-989\" title=\"vanaema koos lastelastega\" src=\"http:\/\/tervunen.tahkuranna.org\/wp-content\/uploads\/2012\/09\/DSC_2878-590x389.jpg\" alt=\"\" width=\"590\" height=\"389\" srcset=\"http:\/\/tervunen.tahkuranna.org\/wp-content\/uploads\/2012\/09\/DSC_2878-590x389.jpg 590w, http:\/\/tervunen.tahkuranna.org\/wp-content\/uploads\/2012\/09\/DSC_2878-950x627.jpg 950w\" sizes=\"(max-width: 590px) 100vw, 590px\" \/><\/a>vanaema Brenda koos lastelastega-P\u00e4\u00e4ru-Brenda-Aqua-Aiax<\/p>\n<p><a href=\"http:\/\/tervunen.tahkuranna.org\/?attachment_id=990\" rel=\"attachment wp-att-990\"><img loading=\"lazy\" class=\"aligncenter size-medium wp-image-990\" title=\"perepilt\" src=\"http:\/\/tervunen.tahkuranna.org\/wp-content\/uploads\/2012\/09\/DSC_2646-590x389.jpg\" alt=\"\" width=\"590\" height=\"389\" srcset=\"http:\/\/tervunen.tahkuranna.org\/wp-content\/uploads\/2012\/09\/DSC_2646-590x389.jpg 590w, http:\/\/tervunen.tahkuranna.org\/wp-content\/uploads\/2012\/09\/DSC_2646-950x627.jpg 950w\" sizes=\"(max-width: 590px) 100vw, 590px\" \/><\/a>perepilt- isa Franco-ema Brenda-poeg Bresly<\/p>\n","protected":false},"excerpt":{"rendered":"<p>04.08.2012 toimus Brenda j\u00e4rglaste III kokkutulek.Seekord oli j\u00e4rglasi juba kaks pesakonda + Britta(I-pesakonnast) 3 kutsikat.Ilma oli v\u00e4ga ilus ja koeri tuli ka palju kohale.K\u00fclalisena oli meil treener Riina Pertens (koerus koeraspordikubist), kes tegi meile toreda koolituse. I pesakonna koerad-Shadow- mamma &hellip; <a href=\"http:\/\/tervunen.tahkuranna.org\/?page_id=984\">J\u00e4tka lugemist <span class=\"meta-nav\">&rarr;<\/span><\/a><\/p>\n","protected":false},"author":3,"featured_media":0,"parent":14,"menu_order":0,"comment_status":"closed","ping_status":"closed","template":"","meta":[],"_links":{"self":[{"href":"http:\/\/tervunen.tahkuranna.org\/index.php?rest_route=\/wp\/v2\/pages\/984"}],"collection":[{"href":"http:\/\/tervunen.tahkuranna.org\/index.php?rest_route=\/wp\/v2\/pages"}],"about":[{"href":"http:\/\/tervunen.tahkuranna.org\/index.php?rest_route=\/wp\/v2\/types\/page"}],"author":[{"embeddable":true,"href":"http:\/\/tervunen.tahkuranna.org\/index.php?rest_route=\/wp\/v2\/users\/3"}],"replies":[{"embeddable":true,"href":"http:\/\/tervunen.tahkuranna.org\/index.php?rest_route=%2Fwp%2Fv2%2Fcomments&post=984"}],"version-history":[{"count":5,"href":"http:\/\/tervunen.tahkuranna.org\/index.php?rest_route=\/wp\/v2\/pages\/984\/revisions"}],"predecessor-version":[{"id":2447,"href":"http:\/\/tervunen.tahkuranna.org\/index.php?rest_route=\/wp\/v2\/pages\/984\/revisions\/2447"}],"up":[{"embeddable":true,"href":"http:\/\/tervunen.tahkuranna.org\/index.php?rest_route=\/wp\/v2\/pages\/14"}],"wp:attachment":[{"href":"http:\/\/tervunen.tahkuranna.org\/index.php?rest_route=%2Fwp%2Fv2%2Fmedia&parent=984"}],"curies":[{"name":"wp","href":"https:\/\/api.w.org\/{rel}","templated":true}]}}