{"id":38,"date":"2011-04-05T16:48:02","date_gmt":"2011-04-05T14:48:02","guid":{"rendered":"http:\/\/tervunen.tahkuranna.org\/?page_id=38"},"modified":"2022-02-02T15:17:03","modified_gmt":"2022-02-02T13:17:03","slug":"kontakt","status":"publish","type":"page","link":"http:\/\/tervunen.tahkuranna.org\/?page_id=38","title":{"rendered":"Kontakt"},"content":{"rendered":"<p><strong>Kontakt<\/strong><br \/>Kristi Pulst<br \/>email: <a href=\"mailto:kristi@coolclips.ee\">kristi@coolclips.ee<\/a><br \/>mob: +37256484333<\/p>\n<p><strong>Asume<br \/><\/strong>Piirisaare tee 5, Merek\u00fcla, H\u00e4\u00e4demeeste vald, P\u00e4rnumaa<\/p>\n\n\n<iframe src=\"https:\/\/www.google.com\/maps\/embed?pb=!1m18!1m12!1m3!1d2096.920099849717!2d24.58356601612268!3d58.29352380067561!2m3!1f0!2f0!3f0!3m2!1i1024!2i768!4f13.1!3m3!1m2!1s0x46ecf97d5229e669%3A0x4cabcc19f33d65eb!2sPiirisaare%20tee%205%2C%20Merek%C3%BCla%2C%2086502%20P%C3%A4rnu%20maakond!5e0!3m2!1set!2see!4v1643807403065!5m2!1set!2see\" width=\"600\" height=\"450\" style=\"border:0;\" allowfullscreen=\"\" loading=\"lazy\"><\/iframe>\n","protected":false},"excerpt":{"rendered":"<p>KontaktKristi Pulstemail: kristi@coolclips.eemob: +37256484333 AsumePiirisaare tee 5, Merek\u00fcla, H\u00e4\u00e4demeeste vald, P\u00e4rnumaa<\/p>\n","protected":false},"author":2,"featured_media":0,"parent":0,"menu_order":5,"comment_status":"closed","ping_status":"closed","template":"","meta":[],"_links":{"self":[{"href":"http:\/\/tervunen.tahkuranna.org\/index.php?rest_route=\/wp\/v2\/pages\/38"}],"collection":[{"href":"http:\/\/tervunen.tahkuranna.org\/index.php?rest_route=\/wp\/v2\/pages"}],"about":[{"href":"http:\/\/tervunen.tahkuranna.org\/index.php?rest_route=\/wp\/v2\/types\/page"}],"author":[{"embeddable":true,"href":"http:\/\/tervunen.tahkuranna.org\/index.php?rest_route=\/wp\/v2\/users\/2"}],"replies":[{"embeddable":true,"href":"http:\/\/tervunen.tahkuranna.org\/index.php?rest_route=%2Fwp%2Fv2%2Fcomments&post=38"}],"version-history":[{"count":14,"href":"http:\/\/tervunen.tahkuranna.org\/index.php?rest_route=\/wp\/v2\/pages\/38\/revisions"}],"predecessor-version":[{"id":2046,"href":"http:\/\/tervunen.tahkuranna.org\/index.php?rest_route=\/wp\/v2\/pages\/38\/revisions\/2046"}],"wp:attachment":[{"href":"http:\/\/tervunen.tahkuranna.org\/index.php?rest_route=%2Fwp%2Fv2%2Fmedia&parent=38"}],"curies":[{"name":"wp","href":"https:\/\/api.w.org\/{rel}","templated":true}]}}