{"id":2285,"date":"2022-11-09T18:10:12","date_gmt":"2022-11-09T16:10:12","guid":{"rendered":"http:\/\/tervunen.tahkuranna.org\/?page_id=2285"},"modified":"2022-11-14T15:30:32","modified_gmt":"2022-11-14T13:30:32","slug":"billa-pyydyskartanon-billa-bong","status":"publish","type":"page","link":"http:\/\/tervunen.tahkuranna.org\/?page_id=2285","title":{"rendered":"Billa &#8211; Pyydyskartanon Billa Bong"},"content":{"rendered":"\n<div class=\"wp-container-1 wp-block-group\"><div class=\"wp-block-group__inner-container\">\n<div class=\"wp-block-columns\">\n<div class=\"wp-block-column\" style=\"flex-basis:100%\">\n<div class=\"wp-block-image\"><figure class=\"alignleft size-full\"><img loading=\"lazy\" width=\"1579\" height=\"2560\" src=\"http:\/\/tervunen.tahkuranna.org\/wp-content\/uploads\/2022\/11\/DSC_0296-1-scaled.jpeg\" alt=\"\" class=\"wp-image-2320\" srcset=\"http:\/\/tervunen.tahkuranna.org\/wp-content\/uploads\/2022\/11\/DSC_0296-1-scaled.jpeg 1579w, http:\/\/tervunen.tahkuranna.org\/wp-content\/uploads\/2022\/11\/DSC_0296-1-590x956.jpeg 590w, http:\/\/tervunen.tahkuranna.org\/wp-content\/uploads\/2022\/11\/DSC_0296-1-950x1540.jpeg 950w, http:\/\/tervunen.tahkuranna.org\/wp-content\/uploads\/2022\/11\/DSC_0296-1-768x1245.jpeg 768w, http:\/\/tervunen.tahkuranna.org\/wp-content\/uploads\/2022\/11\/DSC_0296-1-948x1536.jpeg 948w, http:\/\/tervunen.tahkuranna.org\/wp-content\/uploads\/2022\/11\/DSC_0296-1-1263x2048.jpeg 1263w\" sizes=\"(max-width: 1579px) 100vw, 1579px\" \/><\/figure><\/div>\n<\/div>\n<\/div>\n<\/div><\/div>\n\n\n\n<figure class=\"wp-block-gallery has-nested-images columns-default is-cropped\"><\/figure>\n\n\n\n<p>Pyydyskartanon Billa Bong<br>Belgia lambakoer tervueren (TER)<br>s. 15.04.2020<\/p>\n\n\n\n<p>Alustasin treenimist maast madalast. \u00d5ppisin liikuma erinevates kohtades nii linnas kui metsas. P\u00e4eval ja \u00f6\u00f6sel. Turnima kivide otsas, palkidel, l\u00e4bi kraavide ja loikude. K\u00f5ike ikka selleks, et minust v\u00f5iks saada otsingukoer, kes ei kohku tagasi erinevates oludes. Lisaks hakkasin k\u00e4ima klubi Ipson kuulekuskoolituse trennis, kus peremees pidi selgeks saama palju erinevaid k\u00e4ske. Aasta ja 2 kuu vanuselt sooritasin kuulekuskoolituse esimese taseme. <\/p>\n\n\n\n<p>T\u00e4naseks on tehtud ka teine ja kolmas ehk k\u00f5rgeim tase. Seda k\u00f5rgemat taset l\u00e4hen varsti j\u00e4lle proovima, et saada veelgi paremat tulemust. Lisaks tegin \u00e4ra ka BH mis n\u00e4itab, et oskan k\u00e4ituda \u00fchiskonnas inimeste, autode, ratturite ja teiste koertega.<\/p>\n\n\n\n<p>Kui lubati otsingutrenni siis alustasin maa-alal kadunud inimeste otsimise harjutamisega. Otsingutreeningus tegeletakse minuga individuaalselt \u2013 Monika Rusing planeerib harjutused vastavalt minu tasemele. Treeningute k\u00e4igus \u00f5petatakse mulle oskused peidetud inimesest m\u00e4rku andmiseks, harjutatakse minu ja peremehe vahelist koost\u00f6\u00f6d maastiku v\u00f5i varinguala suunatult l\u00e4biotsimiseks. \u00dchele treeningule kulutab peremees 3-4 tundi, s\u00f5ltuvalt treeningus osalevate koerte arvust v\u00f5i harjutuste raskusastmest ja keerukusest vahel kauemgi. Kui aega \u00fcle ja ilm soe siis olen harjutanud Margot Luukase juhendamisel inimese p\u00e4\u00e4stmist veest, hulpiva paadi kaldale vedamist ning kaldalt n\u00f6\u00f6ri viimist h\u00e4dasolijani. Olen teinud rahvusliku veep\u00e4\u00e4ste esimese taseme eksami -VP1.<\/p>\n\n\n\n<figure class=\"wp-block-gallery has-nested-images columns-default is-cropped\">\n<figure class=\"wp-block-image size-large\"><img loading=\"lazy\" width=\"2302\" height=\"2560\" data-id=\"2309\"  src=\"http:\/\/tervunen.tahkuranna.org\/wp-content\/uploads\/2022\/11\/DSC_0334-1-scaled.jpeg\" alt=\"\" class=\"wp-image-2309\" srcset=\"http:\/\/tervunen.tahkuranna.org\/wp-content\/uploads\/2022\/11\/DSC_0334-1-scaled.jpeg 2302w, http:\/\/tervunen.tahkuranna.org\/wp-content\/uploads\/2022\/11\/DSC_0334-1-590x656.jpeg 590w, http:\/\/tervunen.tahkuranna.org\/wp-content\/uploads\/2022\/11\/DSC_0334-1-950x1056.jpeg 950w, http:\/\/tervunen.tahkuranna.org\/wp-content\/uploads\/2022\/11\/DSC_0334-1-768x854.jpeg 768w, http:\/\/tervunen.tahkuranna.org\/wp-content\/uploads\/2022\/11\/DSC_0334-1-1381x1536.jpeg 1381w, http:\/\/tervunen.tahkuranna.org\/wp-content\/uploads\/2022\/11\/DSC_0334-1-1842x2048.jpeg 1842w\" sizes=\"(max-width: 2302px) 100vw, 2302px\" \/><\/figure>\n<\/figure>\n\n\n\n<p>N\u00fc\u00fcdsest olen Eesti Otsingukoerte Klubi&nbsp; (EOKK. Otsingukoerad.ee) t\u00e4ie\u00f5iguslik liige. EOKK loodi Vabatahtliku Reservp\u00e4\u00e4ster\u00fchma (kuhu samuti kuulun) koerajuhtide poolt.&nbsp; EOKK on liitunud \u00fclemaailmse Rahvusvahelise P\u00e4\u00e4stekoerte Organisatsiooniga IRO ning tegutseb IRO t\u00e4isliikmena. Rahvusvahelised p\u00e4\u00e4stekatsed toimuvad p\u00e4\u00e4stekoerte eksamieeskirja IPO-R j\u00e4rgi. K\u00f5ikides alades on kolm taset. V- ehk valmisoleku tase. A tase ning k\u00f5ige k\u00f5rgem ehk B tase. Mina olen teinud maa-ala otsingus ( RH-FL)&nbsp; \u00e4ra nii V kui ka A taseme eksami. Metsast ja maastikult kadunud inimeste otsimine on p\u00e4\u00e4ste-ja otsingukoertele k\u00f5ige rohkem p\u00e4riselt t\u00f6\u00f6d pakkuv ala, seda eriti just s\u00fcgisesel marja- ja seenehooajal. Maa-alaotsingus otsib koer koerajuhi korraldusel etteantud aja jooksul l\u00e4bi etten\u00e4htud maa-ala, reageerides \u00f5hu kaudu levivale l\u00f5hnale. Vastavalt raskusastmele tuleb leida k\u00f5ik peidetud figurandid. Juhul kui m\u00f5ni neist j\u00e4\u00e4b leidmata, siis positiivset eksamitulemust ei saavuta. Lisaks k\u00e4isin 2022 aasta suvel v\u00f5istlemas Soomes, kus tegin \u00e4ra varinguotsingu ( RH-T) taseme V. Varinguotsingu all m\u00f5eldakse eelk\u00f5ige otsingut rusudel v\u00f5i varisenud hoones, kus v\u00f5imalikud ohvrid on mattunud rusude alla ega ole n\u00e4htaval.<\/p>\n\n\n\n<p>P\u00e4\u00e4stekoerte katset sooritades tuleb alati koos p\u00f5hialaga sooritada ka kuulekuse ja osavuse harjutused. Korraga t\u00f6\u00f6tab platsil kaks v\u00f5istluspaari, sel ajal kui \u00fcks paar sooritab platsil harjutusi peab teine koer lamama \u00fche koha peal. K\u00f5rval liikumise ja p\u00fcsilamamise ajal sooritatakse ka paugukatse, millele koer ei tohi reageerida. Paugukartlikkus ei ole p\u00e4\u00e4ste-ja otsingukoertel lubatud. Lisaks kohtub koer k\u00f5rvalk\u00f5nni harjutuses liikumisel l\u00e4bi inimr\u00fchma kahe koeraga (emase ja isasega) ning peab j\u00e4\u00e4ma seejuures neutraalseks. Samuti peab koer laskma ennast v\u00f5\u00f5ral inimesel s\u00fcles kanda, j\u00e4\u00e4des sealjuures rahulikuks.<\/p>\n\n\n\n<p>Eelkatsel V-tasemel tuleb osavuses l\u00e4bida pime tunnel, mille l\u00f5puosas on kott, millest tuleb l\u00e4bi tungida. Samuti tuleb \u00fcletada ebameeldivate materjalidega kaetud pinnas ja liikumatu puusild, sooritada liikumiselt lama koos juurdetulekuga ning demonstreerida distantsilt asendite vahetust. V-taseme katse l\u00e4bimine on kohustuslik.<\/p>\n\n\n\n<p>Tehniliselt keerukamad on A ja B taseme kuulekused, kus harjutused sisaldavad n\u00f5udlikumaid elemente nagu liikumiselt istu, peatusega juurdekutsumine, distantsilt seismat\u00f5usmine, v\u00f5\u00f5ra eseme toomine. Osavuses tuleb samuti l\u00e4bida pime kott-tunnel, \u00fcletada liikuv puusild v\u00f5i rippsild B-tasemel, horisontaalne redel ja demonstreerida distantsilt juhitavust keskpunkti ja kolme laua vahel.<\/p>\n\n\n\n<p>Eelmine talv k\u00e4isin vaatamas Tiina J\u00fcrjo juures, mida kujutab endast agility ning tegin talv l\u00e4bi trenni. Tiina \u00fctles, et mul on kiirust, aktiivsust ning loomuomane tahe l\u00e4bida takistusi. \u00d5pin v\u00e4ga kiirelt ja olen v\u00e4ga tubli! Selgeks on saanud nii t\u00f5ke, tunnel, slaalom kui ka muud takistused. Kui mul tuleb sisse viga siis tavaliselt on see peremehe s\u00fc\u00fc. Tegin agilityga aga v\u00e4ikese pausi, kuni saan otsingus osavamaks ja&nbsp; iseseisvamaks.<\/p>\n","protected":false},"excerpt":{"rendered":"<p>Pyydyskartanon Billa BongBelgia lambakoer tervueren (TER)s. 15.04.2020 Alustasin treenimist maast madalast. \u00d5ppisin liikuma erinevates kohtades nii linnas kui metsas. P\u00e4eval ja \u00f6\u00f6sel. Turnima kivide otsas, palkidel, l\u00e4bi kraavide ja loikude. K\u00f5ike ikka selleks, et minust v\u00f5iks saada otsingukoer, kes ei &hellip; <a href=\"http:\/\/tervunen.tahkuranna.org\/?page_id=2285\">J\u00e4tka lugemist <span class=\"meta-nav\">&rarr;<\/span><\/a><\/p>\n","protected":false},"author":3,"featured_media":0,"parent":0,"menu_order":0,"comment_status":"closed","ping_status":"closed","template":"","meta":[],"_links":{"self":[{"href":"http:\/\/tervunen.tahkuranna.org\/index.php?rest_route=\/wp\/v2\/pages\/2285"}],"collection":[{"href":"http:\/\/tervunen.tahkuranna.org\/index.php?rest_route=\/wp\/v2\/pages"}],"about":[{"href":"http:\/\/tervunen.tahkuranna.org\/index.php?rest_route=\/wp\/v2\/types\/page"}],"author":[{"embeddable":true,"href":"http:\/\/tervunen.tahkuranna.org\/index.php?rest_route=\/wp\/v2\/users\/3"}],"replies":[{"embeddable":true,"href":"http:\/\/tervunen.tahkuranna.org\/index.php?rest_route=%2Fwp%2Fv2%2Fcomments&post=2285"}],"version-history":[{"count":5,"href":"http:\/\/tervunen.tahkuranna.org\/index.php?rest_route=\/wp\/v2\/pages\/2285\/revisions"}],"predecessor-version":[{"id":2321,"href":"http:\/\/tervunen.tahkuranna.org\/index.php?rest_route=\/wp\/v2\/pages\/2285\/revisions\/2321"}],"wp:attachment":[{"href":"http:\/\/tervunen.tahkuranna.org\/index.php?rest_route=%2Fwp%2Fv2%2Fmedia&parent=2285"}],"curies":[{"name":"wp","href":"https:\/\/api.w.org\/{rel}","templated":true}]}}