{"id":2038,"date":"2022-02-02T15:04:06","date_gmt":"2022-02-02T13:04:06","guid":{"rendered":"http:\/\/tervunen.tahkuranna.org\/?page_id=2038"},"modified":"2022-05-26T14:43:31","modified_gmt":"2022-05-26T12:43:31","slug":"elly","status":"publish","type":"page","link":"http:\/\/tervunen.tahkuranna.org\/?page_id=2038","title":{"rendered":"Elly"},"content":{"rendered":"\n<p>Elly lugu <\/p>\n\n\n\n<figure class=\"wp-block-image size-large is-resized\"><img loading=\"lazy\" src=\"http:\/\/tervunen.tahkuranna.org\/wp-content\/uploads\/2022\/05\/IMG_0090-950x1267.jpg\" alt=\"\" class=\"wp-image-2108\" width=\"670\" height=\"893\" srcset=\"http:\/\/tervunen.tahkuranna.org\/wp-content\/uploads\/2022\/05\/IMG_0090-950x1267.jpg 950w, http:\/\/tervunen.tahkuranna.org\/wp-content\/uploads\/2022\/05\/IMG_0090-590x787.jpg 590w, http:\/\/tervunen.tahkuranna.org\/wp-content\/uploads\/2022\/05\/IMG_0090-768x1024.jpg 768w, http:\/\/tervunen.tahkuranna.org\/wp-content\/uploads\/2022\/05\/IMG_0090-1152x1536.jpg 1152w, http:\/\/tervunen.tahkuranna.org\/wp-content\/uploads\/2022\/05\/IMG_0090.jpg 1512w\" sizes=\"(max-width: 670px) 100vw, 670px\" \/><figcaption>11.10.2020<\/figcaption><\/figure>\n\n\n\n<p>Roosi ootas oma kolmandat pesakonda ja kahjus oli minu esimene belglane Brenda j\u00f5udnud juba v\u00e4ga eakasse ikka 14a. Oli selge, et kauaks teda ei ole ja Roosiga oli ka selline lugu, et ei olnud kindel, et kas see j\u00e4\u00e4b viimaseks pesakonnaks v\u00f5i tuleb veel ka neljas pesakond.<\/p>\n\n\n\n<p>20.01.2020 s\u00fcndis Roosil 3 t\u00fcdrukut ja 4 poissi. Kui kutsikad olid s\u00fcndinus siis mul oli kohe selge, et see k\u00f5ige tumedam t\u00fcdruk on minu Elly. Ja nii oligi otsutatud, et Elly j\u00e4\u00e4b kennelisse.<\/p>\n\n\n\n<p>Elly on olnud v\u00e4iksest peale v\u00e4ga edukas n\u00e4itustel.Selline oli Elly elu esimene n\u00e4ituste n\u00e4dalavahetus P\u00e4rnu Rahvusvahelisel n\u00e4itusel, kus kolmel p\u00e4eval osutus Ellu k\u00f5ikide t\u00f5ugude beebide seas kolmel p\u00e4eval PARIM BEEBI II- kohale.See on ikka v\u00e4ga suur saavutus.<\/p>\n\n\n\n<figure class=\"wp-block-image size-large\"><img loading=\"lazy\" width=\"950\" height=\"713\" src=\"http:\/\/tervunen.tahkuranna.org\/wp-content\/uploads\/2020\/07\/IMG_7800-950x713.jpg\" alt=\"\" class=\"wp-image-1830\" srcset=\"http:\/\/tervunen.tahkuranna.org\/wp-content\/uploads\/2020\/07\/IMG_7800-950x713.jpg 950w, http:\/\/tervunen.tahkuranna.org\/wp-content\/uploads\/2020\/07\/IMG_7800-590x443.jpg 590w, http:\/\/tervunen.tahkuranna.org\/wp-content\/uploads\/2020\/07\/IMG_7800-768x576.jpg 768w, http:\/\/tervunen.tahkuranna.org\/wp-content\/uploads\/2020\/07\/IMG_7800-1536x1152.jpg 1536w, http:\/\/tervunen.tahkuranna.org\/wp-content\/uploads\/2020\/07\/IMG_7800.jpg 2016w\" sizes=\"(max-width: 950px) 100vw, 950px\" \/><\/figure>\n\n\n\n<figure class=\"wp-block-image size-large\"><img loading=\"lazy\" width=\"950\" height=\"713\" src=\"http:\/\/tervunen.tahkuranna.org\/wp-content\/uploads\/2020\/07\/IMG_7770-950x713.jpg\" alt=\"\" class=\"wp-image-1820\" srcset=\"http:\/\/tervunen.tahkuranna.org\/wp-content\/uploads\/2020\/07\/IMG_7770-950x713.jpg 950w, http:\/\/tervunen.tahkuranna.org\/wp-content\/uploads\/2020\/07\/IMG_7770-590x443.jpg 590w, http:\/\/tervunen.tahkuranna.org\/wp-content\/uploads\/2020\/07\/IMG_7770-768x576.jpg 768w, http:\/\/tervunen.tahkuranna.org\/wp-content\/uploads\/2020\/07\/IMG_7770-1536x1152.jpg 1536w, http:\/\/tervunen.tahkuranna.org\/wp-content\/uploads\/2020\/07\/IMG_7770.jpg 2016w\" sizes=\"(max-width: 950px) 100vw, 950px\" \/><figcaption>10-12.07.2020<\/figcaption><\/figure>\n\n\n\n<figure class=\"wp-block-image size-large is-resized\"><img loading=\"lazy\" src=\"http:\/\/tervunen.tahkuranna.org\/wp-content\/uploads\/2022\/05\/IMG_8475-950x1109.jpg\" alt=\"\" class=\"wp-image-2111\" width=\"670\" height=\"782\" srcset=\"http:\/\/tervunen.tahkuranna.org\/wp-content\/uploads\/2022\/05\/IMG_8475-950x1109.jpg 950w, http:\/\/tervunen.tahkuranna.org\/wp-content\/uploads\/2022\/05\/IMG_8475-590x689.jpg 590w, http:\/\/tervunen.tahkuranna.org\/wp-content\/uploads\/2022\/05\/IMG_8475-768x896.jpg 768w, http:\/\/tervunen.tahkuranna.org\/wp-content\/uploads\/2022\/05\/IMG_8475.jpg 957w\" sizes=\"(max-width: 670px) 100vw, 670px\" \/><figcaption>Selline on Elly eesti n\u00e4ituste tulemuste nimekiri.<br>Sellele lisanduvad veel Leedu ja L\u00e4ti n\u00e4itused.Kui Elly sai aastaseks siis tegin pildi tema rosettide ja karikate saagist. <\/figcaption><\/figure>\n\n\n\n<figure class=\"wp-block-image size-large\"><img loading=\"lazy\" width=\"950\" height=\"712\" src=\"http:\/\/tervunen.tahkuranna.org\/wp-content\/uploads\/2021\/02\/IMG_1876-950x712.jpg\" alt=\"\" class=\"wp-image-1863\" srcset=\"http:\/\/tervunen.tahkuranna.org\/wp-content\/uploads\/2021\/02\/IMG_1876-950x712.jpg 950w, http:\/\/tervunen.tahkuranna.org\/wp-content\/uploads\/2021\/02\/IMG_1876-590x442.jpg 590w, http:\/\/tervunen.tahkuranna.org\/wp-content\/uploads\/2021\/02\/IMG_1876-768x575.jpg 768w, http:\/\/tervunen.tahkuranna.org\/wp-content\/uploads\/2021\/02\/IMG_1876.jpg 1280w\" sizes=\"(max-width: 950px) 100vw, 950px\" \/><\/figure>\n\n\n\n<figure class=\"wp-block-gallery has-nested-images columns-default is-cropped\">\n<figure class=\"wp-block-image size-large\"><img loading=\"lazy\" width=\"950\" height=\"713\" data-id=\"2117\"  src=\"http:\/\/tervunen.tahkuranna.org\/wp-content\/uploads\/2022\/05\/IMG_0052-950x713.jpg\" alt=\"\" class=\"wp-image-2117\" srcset=\"http:\/\/tervunen.tahkuranna.org\/wp-content\/uploads\/2022\/05\/IMG_0052-950x713.jpg 950w, http:\/\/tervunen.tahkuranna.org\/wp-content\/uploads\/2022\/05\/IMG_0052-590x443.jpg 590w, http:\/\/tervunen.tahkuranna.org\/wp-content\/uploads\/2022\/05\/IMG_0052-768x576.jpg 768w, http:\/\/tervunen.tahkuranna.org\/wp-content\/uploads\/2022\/05\/IMG_0052-1536x1152.jpg 1536w, http:\/\/tervunen.tahkuranna.org\/wp-content\/uploads\/2022\/05\/IMG_0052.jpg 2016w\" sizes=\"(max-width: 950px) 100vw, 950px\" \/><\/figure>\n<\/figure>\n\n\n\n<figure class=\"wp-block-image\"><img alt=\"\"\/><\/figure>\n","protected":false},"excerpt":{"rendered":"<p>Elly lugu Roosi ootas oma kolmandat pesakonda ja kahjus oli minu esimene belglane Brenda j\u00f5udnud juba v\u00e4ga eakasse ikka 14a. Oli selge, et kauaks teda ei ole ja Roosiga oli ka selline lugu, et ei olnud kindel, et kas see &hellip; <a href=\"http:\/\/tervunen.tahkuranna.org\/?page_id=2038\">J\u00e4tka lugemist <span class=\"meta-nav\">&rarr;<\/span><\/a><\/p>\n","protected":false},"author":3,"featured_media":0,"parent":0,"menu_order":0,"comment_status":"closed","ping_status":"closed","template":"","meta":[],"_links":{"self":[{"href":"http:\/\/tervunen.tahkuranna.org\/index.php?rest_route=\/wp\/v2\/pages\/2038"}],"collection":[{"href":"http:\/\/tervunen.tahkuranna.org\/index.php?rest_route=\/wp\/v2\/pages"}],"about":[{"href":"http:\/\/tervunen.tahkuranna.org\/index.php?rest_route=\/wp\/v2\/types\/page"}],"author":[{"embeddable":true,"href":"http:\/\/tervunen.tahkuranna.org\/index.php?rest_route=\/wp\/v2\/users\/3"}],"replies":[{"embeddable":true,"href":"http:\/\/tervunen.tahkuranna.org\/index.php?rest_route=%2Fwp%2Fv2%2Fcomments&post=2038"}],"version-history":[{"count":7,"href":"http:\/\/tervunen.tahkuranna.org\/index.php?rest_route=\/wp\/v2\/pages\/2038\/revisions"}],"predecessor-version":[{"id":2120,"href":"http:\/\/tervunen.tahkuranna.org\/index.php?rest_route=\/wp\/v2\/pages\/2038\/revisions\/2120"}],"wp:attachment":[{"href":"http:\/\/tervunen.tahkuranna.org\/index.php?rest_route=%2Fwp%2Fv2%2Fmedia&parent=2038"}],"curies":[{"name":"wp","href":"https:\/\/api.w.org\/{rel}","templated":true}]}}