{"id":2031,"date":"2022-02-02T14:59:53","date_gmt":"2022-02-02T12:59:53","guid":{"rendered":"http:\/\/tervunen.tahkuranna.org\/?page_id=2031"},"modified":"2023-05-29T13:29:00","modified_gmt":"2023-05-29T11:29:00","slug":"sissy","status":"publish","type":"page","link":"http:\/\/tervunen.tahkuranna.org\/?page_id=2031","title":{"rendered":"Sissy"},"content":{"rendered":"\n<div class=\"wp-block-columns\">\n<div class=\"wp-block-column\" style=\"flex-basis:100%\">\n<div class=\"wp-block-columns are-vertically-aligned-center\">\n<div class=\"wp-block-column is-vertically-aligned-center\" style=\"flex-basis:100%\">\n<div class=\"wp-block-columns\">\n<div class=\"wp-block-column\" style=\"flex-basis:100%\">\n<figure class=\"wp-block-image size-full\"><img loading=\"lazy\" width=\"921\" height=\"1280\" src=\"http:\/\/tervunen.tahkuranna.org\/wp-content\/uploads\/2022\/04\/IMG_3989.jpg\" alt=\"\" class=\"wp-image-2059\" srcset=\"http:\/\/tervunen.tahkuranna.org\/wp-content\/uploads\/2022\/04\/IMG_3989.jpg 921w, http:\/\/tervunen.tahkuranna.org\/wp-content\/uploads\/2022\/04\/IMG_3989-590x820.jpg 590w, http:\/\/tervunen.tahkuranna.org\/wp-content\/uploads\/2022\/04\/IMG_3989-768x1067.jpg 768w\" sizes=\"(max-width: 921px) 100vw, 921px\" \/><figcaption>SISSY vanemad<\/figcaption><\/figure>\n\n\n\n<p>PKR.I-91137  <a href=\"https:\/\/register.kennelliit.ee\/index.php?page=dogCard&amp;dogId=323756\">JULIUS CESAR-G DEL SENTIERO DEI SOGNI<\/a><\/p>\n\n\n\n<p>PKR.I-84644  <a href=\"https:\/\/register.kennelliit.ee\/index.php?page=dogCard&amp;dogId=323757\">ORIKA KURTS ANELE<\/a><\/p>\n\n\n\n<p>Mul oli juba aastaid plaanis, et \u00fckskord v\u00f5tan endale gr\u00f6nendali t\u00fcdruku aga tundus, et selleni l\u00e4heb veel m\u00f5ni aasta.Aga juhuslikult n\u00e4gin seda paaritust ja teadsin kohe, et see on see, kust minu gr\u00f6nnut\u00fcdruk tuleb.Suhtlesin kasvatajaga ja andsin enda poolsed soovid, et milline v\u00f5iks t\u00fcdruk olla. Kasvataja saatis minule 4-ja t\u00fcdruku pildid ja sellise pildi p\u00f5hjal tegin oma kutsika valiku ja nimeks sai Sissy.<\/p>\n\n\n\n<figure class=\"wp-block-image size-large\"><img loading=\"lazy\" width=\"950\" height=\"1170\" src=\"http:\/\/tervunen.tahkuranna.org\/wp-content\/uploads\/2022\/04\/IMG_3985-950x1170.jpg\" alt=\"\" class=\"wp-image-2060\" srcset=\"http:\/\/tervunen.tahkuranna.org\/wp-content\/uploads\/2022\/04\/IMG_3985-950x1170.jpg 950w, http:\/\/tervunen.tahkuranna.org\/wp-content\/uploads\/2022\/04\/IMG_3985-590x727.jpg 590w, http:\/\/tervunen.tahkuranna.org\/wp-content\/uploads\/2022\/04\/IMG_3985-768x946.jpg 768w, http:\/\/tervunen.tahkuranna.org\/wp-content\/uploads\/2022\/04\/IMG_3985.jpg 1122w\" sizes=\"(max-width: 950px) 100vw, 950px\" \/><\/figure>\n<\/div>\n<\/div>\n<\/div>\n<\/div>\n<\/div>\n<\/div>\n\n\n\n<figure class=\"wp-block-image size-large is-resized\"><img loading=\"lazy\" src=\"http:\/\/tervunen.tahkuranna.org\/wp-content\/uploads\/2022\/04\/IMG_4178-950x633.jpg\" alt=\"\" class=\"wp-image-2064\" width=\"670\" height=\"446\" srcset=\"http:\/\/tervunen.tahkuranna.org\/wp-content\/uploads\/2022\/04\/IMG_4178-950x633.jpg 950w, http:\/\/tervunen.tahkuranna.org\/wp-content\/uploads\/2022\/04\/IMG_4178-590x393.jpg 590w, http:\/\/tervunen.tahkuranna.org\/wp-content\/uploads\/2022\/04\/IMG_4178-768x512.jpg 768w, http:\/\/tervunen.tahkuranna.org\/wp-content\/uploads\/2022\/04\/IMG_4178.jpg 1125w\" sizes=\"(max-width: 670px) 100vw, 670px\" \/><figcaption><strong>15.08.22<\/strong> Sissy 1 kuune <\/figcaption><\/figure>\n\n\n\n<p>07. september s\u00f5itsime poola, peeaaegu saksa piiri l\u00e4hedale, kohta nimega Wschowa.  Ja nii algas pikk tee kodu poole (1250km).<\/p>\n\n\n\n<div class=\"wp-block-image\"><figure class=\"aligncenter size-full\"><img loading=\"lazy\" width=\"480\" height=\"640\" src=\"http:\/\/tervunen.tahkuranna.org\/wp-content\/uploads\/2022\/04\/IMG_4588.jpg\" alt=\"\" class=\"wp-image-2066\"\/><\/figure><\/div>\n\n\n\n<figure class=\"wp-block-gallery has-nested-images columns-default is-cropped\">\n<figure class=\"wp-block-image size-full\"><img loading=\"lazy\" width=\"480\" height=\"640\" data-id=\"2068\"  src=\"http:\/\/tervunen.tahkuranna.org\/wp-content\/uploads\/2022\/04\/IMG_4571.jpg\" alt=\"\" class=\"wp-image-2068\"\/><\/figure>\n<\/figure>\n\n\n\n<p>Sissy oli haruldaselt vaikne ja rahulik kutsikas, talus pikka s\u00f5itu ilusti.Kuna tee oli pikk siis sai \u00fcks \u00f6\u00f6bimine ka hotellis tehtud ja ka \u00f6\u00f6 m\u00f6\u00f6dus ilusti.Oma h\u00e4dad tegi ta ilusti \u00f5igesse kohta ja lasi ka meil rahulikult magada.Koju j\u00f5udes ootas Sissyt ees suur kari. Tiiger, Elly Roosi ja Roosi pojad -6 kutsikat, kes olid Sissyst kuu aega nooremad. Tiiger arvas, et temale seda \u00fchte musta tonti k\u00fcll kogu sellele karjale juurde vaja ei ole.Aga ta oli leplik, las siis olla aga peaasi, et mind ei t\u00fclita.Roosi vaatas, et \u00fcks v\u00e4ike must laps on tulnud kuskilt, las ta olla aga minu omasi ta kiusata ei tohi.Roosi tegi t\u00e4pselt vahet, et minu ja uustulnuk.Elly oli super, tema lapsendas kohe Sissy \u00e4ra ja nende s\u00f5prus sai kohe esimesest hetkest alguse.Elly oli v\u00e4ga leplik ja kannatlik Sissy tirimiste ja n\u00e4rimiste ja ronimiste suhtes- nagu oleks tema oma see Sissyke.Samas Roosi kutsikaid Elly pelgas.Ei tea, kas oli emme Roosi autoriteet v\u00f5i midagi sellist aga jah, nende juurde ta ei kippunud.Aga Sissyga mahtus Elly isegi \u00fchte pessa koos magama.Selline oli Sissy tuleku lugu.<\/p>\n\n\n\n<div class=\"wp-block-image\"><figure class=\"aligncenter size-full\"><img loading=\"lazy\" width=\"640\" height=\"480\" src=\"http:\/\/tervunen.tahkuranna.org\/wp-content\/uploads\/2022\/04\/IMG_4642.jpg\" alt=\"\" class=\"wp-image-2069\" srcset=\"http:\/\/tervunen.tahkuranna.org\/wp-content\/uploads\/2022\/04\/IMG_4642.jpg 640w, http:\/\/tervunen.tahkuranna.org\/wp-content\/uploads\/2022\/04\/IMG_4642-590x443.jpg 590w\" sizes=\"(max-width: 640px) 100vw, 640px\" \/><\/figure><\/div>\n\n\n\n<div class=\"wp-block-image\"><figure class=\"aligncenter size-full\"><img loading=\"lazy\" width=\"480\" height=\"640\" src=\"http:\/\/tervunen.tahkuranna.org\/wp-content\/uploads\/2022\/04\/IMG_4646.jpg\" alt=\"\" class=\"wp-image-2070\"\/><\/figure><\/div>\n\n\n\n<div class=\"wp-block-image\"><figure class=\"aligncenter size-full\"><img loading=\"lazy\" width=\"480\" height=\"640\" src=\"http:\/\/tervunen.tahkuranna.org\/wp-content\/uploads\/2022\/04\/IMG_4657.jpg\" alt=\"\" class=\"wp-image-2071\"\/><figcaption>09.sept.2021a.<\/figcaption><\/figure><\/div>\n\n\n\n<div class=\"wp-block-image\"><figure class=\"aligncenter size-large\"><img loading=\"lazy\" width=\"950\" height=\"713\" src=\"http:\/\/tervunen.tahkuranna.org\/wp-content\/uploads\/2022\/04\/IMG_4955-950x713.jpg\" alt=\"\" class=\"wp-image-2072\" srcset=\"http:\/\/tervunen.tahkuranna.org\/wp-content\/uploads\/2022\/04\/IMG_4955-950x713.jpg 950w, http:\/\/tervunen.tahkuranna.org\/wp-content\/uploads\/2022\/04\/IMG_4955-590x443.jpg 590w, http:\/\/tervunen.tahkuranna.org\/wp-content\/uploads\/2022\/04\/IMG_4955-768x576.jpg 768w, http:\/\/tervunen.tahkuranna.org\/wp-content\/uploads\/2022\/04\/IMG_4955-1536x1152.jpg 1536w, http:\/\/tervunen.tahkuranna.org\/wp-content\/uploads\/2022\/04\/IMG_4955.jpg 2016w\" sizes=\"(max-width: 950px) 100vw, 950px\" \/><\/figure><\/div>\n\n\n\n<figure class=\"wp-block-image size-large\"><img loading=\"lazy\" width=\"950\" height=\"1267\" src=\"http:\/\/tervunen.tahkuranna.org\/wp-content\/uploads\/2022\/05\/IMG_8148-950x1267.jpg\" alt=\"\" class=\"wp-image-2122\" srcset=\"http:\/\/tervunen.tahkuranna.org\/wp-content\/uploads\/2022\/05\/IMG_8148-950x1267.jpg 950w, http:\/\/tervunen.tahkuranna.org\/wp-content\/uploads\/2022\/05\/IMG_8148-590x787.jpg 590w, http:\/\/tervunen.tahkuranna.org\/wp-content\/uploads\/2022\/05\/IMG_8148-768x1024.jpg 768w, http:\/\/tervunen.tahkuranna.org\/wp-content\/uploads\/2022\/05\/IMG_8148-1152x1536.jpg 1152w, http:\/\/tervunen.tahkuranna.org\/wp-content\/uploads\/2022\/05\/IMG_8148.jpg 1512w\" sizes=\"(max-width: 950px) 100vw, 950px\" \/><figcaption>24.aprill 2022 Kaunas<\/figcaption><\/figure>\n\n\n\n<p>Sissyl oli edukas n\u00e4itus Kaunases Junior klassis sai oma esimesed SERT-id k\u00e4tte.<\/p>\n\n\n\n<figure class=\"wp-block-gallery has-nested-images columns-default is-cropped\">\n<figure class=\"wp-block-image size-large\"><img loading=\"lazy\" width=\"950\" height=\"1427\" data-id=\"2415\"  src=\"http:\/\/tervunen.tahkuranna.org\/wp-content\/uploads\/2023\/05\/IMG_3114-950x1427.jpg\" alt=\"\" class=\"wp-image-2415\" srcset=\"http:\/\/tervunen.tahkuranna.org\/wp-content\/uploads\/2023\/05\/IMG_3114-950x1427.jpg 950w, http:\/\/tervunen.tahkuranna.org\/wp-content\/uploads\/2023\/05\/IMG_3114-590x886.jpg 590w, http:\/\/tervunen.tahkuranna.org\/wp-content\/uploads\/2023\/05\/IMG_3114-768x1154.jpg 768w, http:\/\/tervunen.tahkuranna.org\/wp-content\/uploads\/2023\/05\/IMG_3114-1022x1536.jpg 1022w, http:\/\/tervunen.tahkuranna.org\/wp-content\/uploads\/2023\/05\/IMG_3114.jpg 1292w\" sizes=\"(max-width: 950px) 100vw, 950px\" \/><\/figure>\n<figcaption class=\"blocks-gallery-caption\"><strong>Sissy on n\u00fc\u00fcd Rahvusvaheline Junior Iludus tshempion 24.03.2023<\/strong><\/figcaption><\/figure>\n\n\n\n<figure class=\"wp-block-gallery has-nested-images columns-default is-cropped\">\n<figure class=\"wp-block-image size-large\"><img loading=\"lazy\" width=\"950\" height=\"713\" data-id=\"2417\"  src=\"http:\/\/tervunen.tahkuranna.org\/wp-content\/uploads\/2023\/05\/IMG_3109-1-950x713.jpg\" alt=\"\" class=\"wp-image-2417\" srcset=\"http:\/\/tervunen.tahkuranna.org\/wp-content\/uploads\/2023\/05\/IMG_3109-1-950x713.jpg 950w, http:\/\/tervunen.tahkuranna.org\/wp-content\/uploads\/2023\/05\/IMG_3109-1-590x443.jpg 590w, http:\/\/tervunen.tahkuranna.org\/wp-content\/uploads\/2023\/05\/IMG_3109-1-768x576.jpg 768w, http:\/\/tervunen.tahkuranna.org\/wp-content\/uploads\/2023\/05\/IMG_3109-1-1536x1153.jpg 1536w, http:\/\/tervunen.tahkuranna.org\/wp-content\/uploads\/2023\/05\/IMG_3109-1.jpg 2015w\" sizes=\"(max-width: 950px) 100vw, 950px\" \/><\/figure>\n<\/figure>\n\n\n\n<figure class=\"wp-block-gallery has-nested-images columns-default is-cropped\">\n<figure class=\"wp-block-image size-large\"><img loading=\"lazy\" width=\"640\" height=\"301\" data-id=\"2418\"  src=\"http:\/\/tervunen.tahkuranna.org\/wp-content\/uploads\/2023\/05\/IMG_3341.jpg\" alt=\"\" class=\"wp-image-2418\" srcset=\"http:\/\/tervunen.tahkuranna.org\/wp-content\/uploads\/2023\/05\/IMG_3341.jpg 640w, http:\/\/tervunen.tahkuranna.org\/wp-content\/uploads\/2023\/05\/IMG_3341-590x277.jpg 590w\" sizes=\"(max-width: 640px) 100vw, 640px\" \/><\/figure>\n<\/figure>\n\n\n\n<figure class=\"wp-block-gallery has-nested-images columns-default is-cropped\">\n<figure class=\"wp-block-image size-large\"><img loading=\"lazy\" width=\"950\" height=\"373\" data-id=\"2419\"  src=\"http:\/\/tervunen.tahkuranna.org\/wp-content\/uploads\/2023\/05\/IMG_3342-950x373.jpg\" alt=\"\" class=\"wp-image-2419\" srcset=\"http:\/\/tervunen.tahkuranna.org\/wp-content\/uploads\/2023\/05\/IMG_3342-950x373.jpg 950w, http:\/\/tervunen.tahkuranna.org\/wp-content\/uploads\/2023\/05\/IMG_3342-590x232.jpg 590w, http:\/\/tervunen.tahkuranna.org\/wp-content\/uploads\/2023\/05\/IMG_3342-768x302.jpg 768w, http:\/\/tervunen.tahkuranna.org\/wp-content\/uploads\/2023\/05\/IMG_3342-1536x603.jpg 1536w, http:\/\/tervunen.tahkuranna.org\/wp-content\/uploads\/2023\/05\/IMG_3342-2048x805.jpg 2048w\" sizes=\"(max-width: 950px) 100vw, 950px\" \/><\/figure>\n<\/figure>\n","protected":false},"excerpt":{"rendered":"<p>PKR.I-91137 JULIUS CESAR-G DEL SENTIERO DEI SOGNI PKR.I-84644 ORIKA KURTS ANELE Mul oli juba aastaid plaanis, et \u00fckskord v\u00f5tan endale gr\u00f6nendali t\u00fcdruku aga tundus, et selleni l\u00e4heb veel m\u00f5ni aasta.Aga juhuslikult n\u00e4gin seda paaritust ja teadsin kohe, et see on &hellip; <a href=\"http:\/\/tervunen.tahkuranna.org\/?page_id=2031\">J\u00e4tka lugemist <span class=\"meta-nav\">&rarr;<\/span><\/a><\/p>\n","protected":false},"author":3,"featured_media":0,"parent":0,"menu_order":0,"comment_status":"closed","ping_status":"closed","template":"","meta":[],"_links":{"self":[{"href":"http:\/\/tervunen.tahkuranna.org\/index.php?rest_route=\/wp\/v2\/pages\/2031"}],"collection":[{"href":"http:\/\/tervunen.tahkuranna.org\/index.php?rest_route=\/wp\/v2\/pages"}],"about":[{"href":"http:\/\/tervunen.tahkuranna.org\/index.php?rest_route=\/wp\/v2\/types\/page"}],"author":[{"embeddable":true,"href":"http:\/\/tervunen.tahkuranna.org\/index.php?rest_route=\/wp\/v2\/users\/3"}],"replies":[{"embeddable":true,"href":"http:\/\/tervunen.tahkuranna.org\/index.php?rest_route=%2Fwp%2Fv2%2Fcomments&post=2031"}],"version-history":[{"count":8,"href":"http:\/\/tervunen.tahkuranna.org\/index.php?rest_route=\/wp\/v2\/pages\/2031\/revisions"}],"predecessor-version":[{"id":2420,"href":"http:\/\/tervunen.tahkuranna.org\/index.php?rest_route=\/wp\/v2\/pages\/2031\/revisions\/2420"}],"wp:attachment":[{"href":"http:\/\/tervunen.tahkuranna.org\/index.php?rest_route=%2Fwp%2Fv2%2Fmedia&parent=2031"}],"curies":[{"name":"wp","href":"https:\/\/api.w.org\/{rel}","templated":true}]}}