{"id":1995,"date":"2022-01-26T17:24:22","date_gmt":"2022-01-26T15:24:22","guid":{"rendered":"http:\/\/tervunen.tahkuranna.org\/?page_id=1995"},"modified":"2022-05-27T09:00:18","modified_gmt":"2022-05-27T07:00:18","slug":"tervueren","status":"publish","type":"page","link":"http:\/\/tervunen.tahkuranna.org\/?page_id=1995","title":{"rendered":"Tervueren"},"content":{"rendered":"\n<figure class=\"wp-block-gallery has-nested-images columns-default is-cropped\">\n<figure class=\"wp-block-image size-large\"><img loading=\"lazy\" width=\"950\" height=\"713\" data-id=\"2146\"  src=\"http:\/\/tervunen.tahkuranna.org\/wp-content\/uploads\/2022\/05\/IMG_3062-950x713.jpg\" alt=\"\" class=\"wp-image-2146\" srcset=\"http:\/\/tervunen.tahkuranna.org\/wp-content\/uploads\/2022\/05\/IMG_3062-950x713.jpg 950w, http:\/\/tervunen.tahkuranna.org\/wp-content\/uploads\/2022\/05\/IMG_3062-590x443.jpg 590w, http:\/\/tervunen.tahkuranna.org\/wp-content\/uploads\/2022\/05\/IMG_3062-768x576.jpg 768w, http:\/\/tervunen.tahkuranna.org\/wp-content\/uploads\/2022\/05\/IMG_3062-1536x1152.jpg 1536w, http:\/\/tervunen.tahkuranna.org\/wp-content\/uploads\/2022\/05\/IMG_3062.jpg 2016w\" sizes=\"(max-width: 950px) 100vw, 950px\" \/><\/figure>\n<figcaption class=\"blocks-gallery-caption\">Elly 2a., Roosi 7a. ja Tiiger 13a<\/figcaption><\/figure>\n\n\n\n<p>Tervueren kuulub karjakoerte r\u00fchma. Algselt kasutati teda loomade karjatamisel. T\u00e4nap\u00e4eval on nad valve- ja seltsikoerad. <a target=\"_blank\" href=\"http:\/\/www.delfi.ee\/teemalehed\/belgia\" rel=\"noreferrer noopener\">Belgia<\/a> lambakoerad on valvsad ja aktiivsed koerad, kes on v\u00e4ga elavad ning alati tegutsemisvalmis.<\/p>\n\n\n\n<p><strong>V\u00e4limus<\/strong><br>Pea on pikk ja selgepiiriline, koljuosa ja koon on ligikaudu \u00fchepikkused. Nina on musta v\u00e4rvi. L\u00f5uad on k\u00e4\u00e4ritaolise hambumusega. Silmad on mandlikujulised, keskmise suurusega, tumepruunid. K\u00f5rvad on \u00fcsna v\u00e4ikesed, k\u00f5rge asetusega, v\u00e4liselt kolmnurga kujulised. Kael on lihaseline ja kergelt kaardus. Rinnakorv on s\u00fcgav ja graatsiliselt kaardus. Esijalad on pikad, lihaselised; turi r\u00f5hutatud. Tagajalad on v\u00f5imsad ja lihaselised. Esik\u00e4pad on \u00fcmarad, varbad kumerad ja tihedalt kokku hoiduvad. Liikumine on elav ja vaba. Saba on keskmise pikkusega, madala asetusega ja v\u00f5ib liikumisel t\u00f5usta k\u00f5rgemale, kuid mitte \u00fcle horisontaaljoone. Pealiskarv on tihe ja l\u00fchike; aluskarv villane. Karv on l\u00fchem peas, k\u00f5rvadel ja jalgadel; kaelal, selja l\u00f5puosal ja sabal pikem. Kintsude tagak\u00fclgedele kasvavad pikad ja rikkalikud karvad. Isastel on \u00fcldjuhul pikem karvkate kui emastel. N\u00e4itusekoerte eelistatud karvkatte v\u00e4rvused on musta varjundiga punane, kollakaspruun ja hall. Saba on \u00fcldjuhul tumedam v\u00f5i musta otsaga. N\u00e4os on must mask ja ka k\u00f5rvad on enamjaolt musta v\u00e4rvi. Rinnal, k\u00e4ppade vahel ja tagajalgade varvaste otstel v\u00f5ib veidi valget olla. Veidi valget v\u00f5i halli on lubatud ka koonul.<br>Isaste koerte turjak\u00f5rgus on 61-66 cm, emastel 56-61 cm. Kaal j\u00e4\u00e4b vahemikku 20,5-28,5 kg.<\/p>\n\n\n\n<h3><strong>P\u00e4ritolu<\/strong><\/h3>\n\n\n\n<p>Belgia lambakoera on nelja t\u00f5ugu \u2013 groenendael, tervueren, malinois ja laekenois \u2013 ja nad on nimetatud piirkondade j\u00e4rgi, kust nad p\u00e4rit on. Tervueren on groenendael&#8217;ile sarnasem kui teised kaks. Usutakse, et kaks musta sabaga kollakaspruuni pikakarvalist lambakoera ristati ja \u00fcks saadud pesakond ristati omakorda groenendael&#8217;i esimeste isenditega. Tulemuseks oli esimene pesakond tervueren&#8217;i lambakoeri. 1940. aastatel oleks tervueren peaaegu t\u00e4ielikult v\u00e4lja surnud, kuid 1950.&nbsp;aastatel t\u00e4rkas huvi t\u00f5u vastu uuesti.<\/p>\n\n\n\n<h3><strong>Iseloom<\/strong><\/h3>\n\n\n\n<p>Tervueren on hell ja ustav kaaslane, kes kaitseb oma kodu ja perekonda. Nagu paljude teiste t\u00f5ugudega, kel on valveinstinkt, ei soovitata ka neil seda instinkti v\u00e4iksena julgustada. Nad v\u00f5ivad hakata sind kaitsma ka sobimatutes olukordades. Nende loomulik valveinstinkt ilmneb, kui see vajalik on. Tal on hea huumorimeel ja ta on kiire \u00f5ppija.<\/p>\n\n\n\n<figure class=\"wp-block-image size-large\"><img loading=\"lazy\" width=\"950\" height=\"713\" src=\"http:\/\/tervunen.tahkuranna.org\/wp-content\/uploads\/2022\/05\/IMG_3080-950x713.jpg\" alt=\"\" class=\"wp-image-2141\" srcset=\"http:\/\/tervunen.tahkuranna.org\/wp-content\/uploads\/2022\/05\/IMG_3080-950x713.jpg 950w, http:\/\/tervunen.tahkuranna.org\/wp-content\/uploads\/2022\/05\/IMG_3080-590x443.jpg 590w, http:\/\/tervunen.tahkuranna.org\/wp-content\/uploads\/2022\/05\/IMG_3080-768x576.jpg 768w, http:\/\/tervunen.tahkuranna.org\/wp-content\/uploads\/2022\/05\/IMG_3080-1536x1152.jpg 1536w, http:\/\/tervunen.tahkuranna.org\/wp-content\/uploads\/2022\/05\/IMG_3080.jpg 2016w\" sizes=\"(max-width: 950px) 100vw, 950px\" \/><figcaption>Tiiger,Roosi ja Elly<\/figcaption><\/figure>\n\n\n\n<p><strong>Suhtlus<\/strong><br>Lemmikloomana on tervueren p\u00fchendunud kaaslane. Temast ei ole erilist kennelkoera, kuna tal hakkab tegevusetult igav ja v\u00f5ib siis pahandust tegema hakata. Tervueren on v\u00e4ga s\u00f5bralik ja truu pereliige. Ta ei sobi inimesele, kes soovib lihtsalt koera. Belgia lambakoertele meeldivad igasugused tegevused, mis on seotud vee ja kaevamisega. Nad kaitsevad oma kodu ja pere, kuid kaitseinstinkti ei tohiks koera varajases vanuses eriti soodustada. Sel viisil satub ta segadusse ja v\u00f5ib hakata teid kaitsma ka ebasobivates situatsioonides.<\/p>\n\n\n\n<p><strong>Aktiivsus<\/strong><br>Tervueren vajab palju liikumist ja vaimset stimuleerimist. Ta on osav agility- ja kuulekusv\u00f5istlustel. Koer on v\u00e4ga aktiivne ja talle ei meeldi pika aega \u00fcksi olla.<\/p>\n\n\n\n<p><strong>Treenimine<\/strong><br>Tervueren on intelligentne koer, kes \u00f5pib kiiresti. Koera treenimisel on oluline j\u00e4rjepidevus. Koera peab sotsialiseerima hakkama juba varajases vanuses. Alates 9. elukuust j\u00f5uab koer nn teismeikka ja siis on ka koolitamine raskem. Alustage treenimisega algusest ja umbes 18. elukuuks on see periood m\u00f6\u00f6das.<\/p>\n\n\n\n<p><strong>Pesakond<\/strong><br>Pesakonnas on umbes 6-10 kutsikat.<\/p>\n\n\n\n<p><strong>Eluiga<\/strong><br>Koera keskmine eluiga on 12-14 aastat. Kuid tervueren v\u00f5ib elada ka v\u00e4hem v\u00f5i kauem.<\/p>\n\n\n\n<h3><strong>Tervis<\/strong><\/h3>\n\n\n\n<p>Nagu paljudel teistel t\u00f5ugudel, v\u00f5ib ka k\u00f5igil Belgia lambakoertel esineda p\u00e4rilikke silmahaigusi ja puusaliigese d\u00fcsplaasiat (seisund, mis v\u00f5ib p\u00f5hjustada liikumisprobleeme). Enne aretamist on oluline kontrollida koerte silmi ja hinnata puusaliigeseid. <\/p>\n\n\n\n<h3><strong>Liikumine<\/strong><\/h3>\n\n\n\n<p>Tervueren vajab p\u00e4evas enam kui kahte tundi liikumist ja vaimset tegevust. Neid on v\u00e4ga kerge treenida, nad on edukad agility&#8217;s, kuulekuses ja teistel koertespordialadel. Nad on aktiivsed koerad ega sobi lemmikloomaks, kui peavad terve p\u00e4eva \u00fcksi olema.<\/p>\n\n\n\n<h3><strong>Toitumine<\/strong><\/h3>\n\n\n\n<p>Suured koerat\u00f5ud on suurema isuga ning vajavad v\u00e4iksemate koertega v\u00f5rreldes teistsuguses vahekorras toitained, sh vitamiine ja mineraale.<\/p>\n\n\n\n<figure class=\"wp-block-image size-large\"><img loading=\"lazy\" width=\"950\" height=\"1267\" src=\"http:\/\/tervunen.tahkuranna.org\/wp-content\/uploads\/2022\/05\/IMG_4056-950x1267.jpg\" alt=\"\" class=\"wp-image-2150\" srcset=\"http:\/\/tervunen.tahkuranna.org\/wp-content\/uploads\/2022\/05\/IMG_4056-950x1267.jpg 950w, http:\/\/tervunen.tahkuranna.org\/wp-content\/uploads\/2022\/05\/IMG_4056-590x787.jpg 590w, http:\/\/tervunen.tahkuranna.org\/wp-content\/uploads\/2022\/05\/IMG_4056-768x1024.jpg 768w, http:\/\/tervunen.tahkuranna.org\/wp-content\/uploads\/2022\/05\/IMG_4056-1152x1536.jpg 1152w, http:\/\/tervunen.tahkuranna.org\/wp-content\/uploads\/2022\/05\/IMG_4056.jpg 1512w\" sizes=\"(max-width: 950px) 100vw, 950px\" \/><figcaption>Elly 2a.<\/figcaption><\/figure>\n\n\n\n<h3><strong>Hooldamine<\/strong><\/h3>\n\n\n\n<p>Tervueren on pikakarvaline koer ja tema kasukas vajab omajagu hoolitsust. Neil on k\u00fclluslik, pikk ja sirge pealiskarv ja v\u00e4ga tihe aluskarv. Seda aluskarva vahetab emane koer kaks, isane \u00fcldiselt \u00fche korra aastas.<\/p>\n\n\n\n<h3><strong>Parim koerat\u00f5ug lastega perre<\/strong><\/h3>\n\n\n\n<p>Kuigi paljude koerte kohta on arvatud, et nad saavad lastega loomuldasa h\u00e4sti l\u00e4bi, tuleb k\u00f5iki koeri ja lapsi \u00f5petada omavahel suhtlema, \u00fcksteist austama ning turvaliselt koos elama. Ja ka sel juhul ei tohiks koeri v\u00e4ikelastega kunagi \u00fcksi j\u00e4tta, vaid t\u00e4iskasvanud peaksid neil kogu aeg silma peal hoidma.<\/p>\n","protected":false},"excerpt":{"rendered":"<p>Tervueren kuulub karjakoerte r\u00fchma. Algselt kasutati teda loomade karjatamisel. T\u00e4nap\u00e4eval on nad valve- ja seltsikoerad. Belgia lambakoerad on valvsad ja aktiivsed koerad, kes on v\u00e4ga elavad ning alati tegutsemisvalmis. V\u00e4limusPea on pikk ja selgepiiriline, koljuosa ja koon on ligikaudu \u00fchepikkused. &hellip; <a href=\"http:\/\/tervunen.tahkuranna.org\/?page_id=1995\">J\u00e4tka lugemist <span class=\"meta-nav\">&rarr;<\/span><\/a><\/p>\n","protected":false},"author":3,"featured_media":0,"parent":0,"menu_order":0,"comment_status":"closed","ping_status":"closed","template":"","meta":[],"_links":{"self":[{"href":"http:\/\/tervunen.tahkuranna.org\/index.php?rest_route=\/wp\/v2\/pages\/1995"}],"collection":[{"href":"http:\/\/tervunen.tahkuranna.org\/index.php?rest_route=\/wp\/v2\/pages"}],"about":[{"href":"http:\/\/tervunen.tahkuranna.org\/index.php?rest_route=\/wp\/v2\/types\/page"}],"author":[{"embeddable":true,"href":"http:\/\/tervunen.tahkuranna.org\/index.php?rest_route=\/wp\/v2\/users\/3"}],"replies":[{"embeddable":true,"href":"http:\/\/tervunen.tahkuranna.org\/index.php?rest_route=%2Fwp%2Fv2%2Fcomments&post=1995"}],"version-history":[{"count":14,"href":"http:\/\/tervunen.tahkuranna.org\/index.php?rest_route=\/wp\/v2\/pages\/1995\/revisions"}],"predecessor-version":[{"id":2156,"href":"http:\/\/tervunen.tahkuranna.org\/index.php?rest_route=\/wp\/v2\/pages\/1995\/revisions\/2156"}],"wp:attachment":[{"href":"http:\/\/tervunen.tahkuranna.org\/index.php?rest_route=%2Fwp%2Fv2%2Fmedia&parent=1995"}],"curies":[{"name":"wp","href":"https:\/\/api.w.org\/{rel}","templated":true}]}}