{"id":1984,"date":"2022-01-26T17:09:01","date_gmt":"2022-01-26T15:09:01","guid":{"rendered":"http:\/\/tervunen.tahkuranna.org\/?page_id=1984"},"modified":"2022-05-27T07:55:18","modified_gmt":"2022-05-27T05:55:18","slug":"groenendael","status":"publish","type":"page","link":"http:\/\/tervunen.tahkuranna.org\/?page_id=1984","title":{"rendered":"Groenendael"},"content":{"rendered":"\n<figure class=\"wp-block-gallery aligncenter has-nested-images columns-default is-cropped\">\n<figure class=\"wp-block-image size-full\"><img loading=\"lazy\" width=\"950\" height=\"1267\" data-id=\"2131\"  src=\"http:\/\/tervunen.tahkuranna.org\/wp-content\/uploads\/2022\/05\/IMG_8501-950x1267.jpg\" alt=\"\" class=\"wp-image-2131\" srcset=\"http:\/\/tervunen.tahkuranna.org\/wp-content\/uploads\/2022\/05\/IMG_8501-950x1267.jpg 950w, http:\/\/tervunen.tahkuranna.org\/wp-content\/uploads\/2022\/05\/IMG_8501-590x787.jpg 590w, http:\/\/tervunen.tahkuranna.org\/wp-content\/uploads\/2022\/05\/IMG_8501-768x1024.jpg 768w, http:\/\/tervunen.tahkuranna.org\/wp-content\/uploads\/2022\/05\/IMG_8501-1152x1536.jpg 1152w, http:\/\/tervunen.tahkuranna.org\/wp-content\/uploads\/2022\/05\/IMG_8501.jpg 1512w\" sizes=\"(max-width: 950px) 100vw, 950px\" \/><\/figure>\n<\/figure>\n\n\n\n<p>Groenendael kuulub karjakoerte r\u00fchma. Algselt kasutati teda loomade karjatamisel. T\u00e4nap\u00e4eval on nad valve- ja seltsikoerad. Groenendael on keskmise suurusega, pikakarvaline koer. Teda aetakse tihti segi pikakarvalise saksa lambakoeraga. <a rel=\"noreferrer noopener\" href=\"http:\/\/www.delfi.ee\/teemalehed\/belgia\" target=\"_blank\">Belgia<\/a> lambakoerad on valvsad ja aktiivsed koerad, kes on v\u00e4ga elavad ning alati tegutsemisvalmis.Groenendael on keskmist kasvu pikakarvaline koer, kes on v\u00e4limuselt kandilise \u00fcldmuljega. Ehkki neid aetakse tihti segamini pikakarvalise Saksa lambakoeraga, on nad profiilis kandilisemad, kergema kondiga ja peenema peaga ning liiguvad kergelt ja vilkalt. Groenendael&#8217;i karv on musta v\u00e4rvi, t\u00e4iskasvanud isase koera turjak\u00f5rgus on 61\u201366 cm ja emasel 56\u201361 cm. Nad kaaluvad 20,5\u201328,5 kg.<\/p>\n\n\n\n<figure class=\"wp-block-image size-large\"><img loading=\"lazy\" width=\"950\" height=\"636\" src=\"http:\/\/tervunen.tahkuranna.org\/wp-content\/uploads\/2022\/05\/IMG_8489-950x636.jpg\" alt=\"\" class=\"wp-image-2132\" srcset=\"http:\/\/tervunen.tahkuranna.org\/wp-content\/uploads\/2022\/05\/IMG_8489-950x636.jpg 950w, http:\/\/tervunen.tahkuranna.org\/wp-content\/uploads\/2022\/05\/IMG_8489-590x395.jpg 590w, http:\/\/tervunen.tahkuranna.org\/wp-content\/uploads\/2022\/05\/IMG_8489-768x514.jpg 768w, http:\/\/tervunen.tahkuranna.org\/wp-content\/uploads\/2022\/05\/IMG_8489-1536x1029.jpg 1536w, http:\/\/tervunen.tahkuranna.org\/wp-content\/uploads\/2022\/05\/IMG_8489.jpg 1745w\" sizes=\"(max-width: 950px) 100vw, 950px\" \/><figcaption>Sissy 10kuune<\/figcaption><\/figure>\n\n\n\n<h3>P\u00e4ritolu<\/h3>\n\n\n\n<p>Belgia lambakoeri on nelja t\u00f5ugu \u2013 groenendael, tervueren, malinois ja laekenois \u2013 ja nad on nimetatud piirkondade j\u00e4rgi, kust nad p\u00e4rit on. Usinaid Belgia lambakoeri on hinnatud juba keskajast. 1890. aastatel pani Belgia Veterinaarteaduste Kooli professor kirja erinevate Belgia lambakoerte standardid. V\u00e4lja toodi see, et nad on t\u00fc\u00fcbilt sarnased, peamiseks erinevuseks on nende karvkate. Professor jagas nad seej\u00e4rel erinevateks t\u00fc\u00fcpideks ja soovitas neid aretada eraldi t\u00f5ugudena. Groenendael&#8217;i t\u00f5ug loodi musta emase Belgia lambakoera t\u00fc\u00fcbi ristamisel teise musta karjakoeraga. Saadud kutsikad oli esimene groenendael&#8217;ide pesakond.<\/p>\n\n\n\n<p><strong>V\u00e4limus<\/strong><br>Pea on pikk ja selgepiiriline, koljuosa ja koon on ligikaudu \u00fchepikkused. Nina on musta v\u00e4rvi. L\u00f5uad on k\u00e4\u00e4ritaolise hambumusega. Silmad on mandlikujulised, keskmise suurusega, tumepruunid. K\u00f5rvad on \u00fcsna v\u00e4ikesed, k\u00f5rge asetusega, v\u00e4liselt kolmnurga kujulised. Kael on lihaseline ja kergelt kaardus. Rinnakorv on s\u00fcgav ja graatsiliselt kaardus. Esijalad on pikad, lihaselised; turi r\u00f5hutatud. Tagajalad on v\u00f5imsad ja lihaselised. Esik\u00e4pad on \u00fcmarad, varbad kumerad ja tihedalt kokku hoiduvad. Liikumine on elav ja vaba. Saba on keskmise pikkusega, madala asetusega ja v\u00f5ib liikumisel t\u00f5usta k\u00f5rgemale, kuid mitte \u00fcle horisontaaljoone. Pealiskarv on pikk, sirge ja rikkalik; aluskarv on v\u00e4ga tihe. Karv on l\u00fchem peas, k\u00f5rvadel ja jalgadel. \u00dclej\u00e4\u00e4nud kerel on karv pikk ja sile, pikem ja rikkalikum \u00fcmber kaela ning sabal. Kintsude tagak\u00fclgedele kasvavad pikad ja rikkalikud karvad. \u00dcldjuhul on isased pikema karvaga. N\u00e4itusekoerte eelistatud karvkatte v\u00e4rvused on must, must v\u00e4hese valgega rinnal, k\u00e4ppade vahel ja tagajalgade tagavarvaste otstel. Veidi valget ja halli koonul on samuti lubatud.<br>Isaste koerte turjak\u00f5rgus on 61-66 cm, emastel 56-61 cm. Kaal j\u00e4\u00e4b vahemikku 20,5-28,5 kg.<\/p>\n\n\n\n<p><strong>Toitmine<\/strong><br>Groenendael on v\u00e4hen\u00f5udlik koer, kel pole spetsiaalseid toitumisvajadusi. <\/p>\n\n\n\n<p><strong>Suhtlus ja iseloom<\/strong><\/p>\n\n\n\n<p>Groenendael on kiinduv ja ustav kaaslane, kes tahab k\u00f5iges kaasa l\u00fc\u00fca. Nende loomuomane valveinstinkt tuleb esile, kui nad tunnevad, et seda on vaja. Nad kaitsevad oma kodu ja peret. Ei ole soovitatav nende valveinstinkti v\u00e4iksena julgustada, sest koer v\u00f5ib teid hakata kaitsma ka tavaolukorras. Selle t\u00f5u varane ja p\u00f5hjalik sotsialiseerimine on kohustuslik.<\/p>\n\n\n\n<p>Lemmikloomana on groenendael p\u00fchendunud kaaslane. Temast ei ole erilist kennelkoera, kuna tal hakkab tegevusetult igav ja v\u00f5ib siis pahandust tegema hakata. Groenendael on v\u00e4ga s\u00f5bralik ja truu pereliige. Ta ei sobi inimesele, kes soovib lihtsalt koera. Belgia lambakoertele meeldivad igasugused tegevused. Nad kaitsevad oma kodu ja pere, kuid kaitseinstinkti ei tohiks koera varajases vanuses eriti soodustada. Sel viisil satub ta segadusse ja v\u00f5ib hakata teid kaitsma ka ebasobivates situatsioonides.<\/p>\n\n\n\n<p><strong>Aktiivsus<\/strong><br>Groenendael vajab palju liikumist ja vaimset stimuleerimist. Ta on osav agility- ja kuulekusv\u00f5istlustel. Koer on v\u00e4ga aktiivne ja talle ei meeldi pika aega \u00fcksi olla.<\/p>\n\n\n\n<p><strong>Treenimine<\/strong><br>Groenendael on intelligentne koer, kes \u00f5pib kiiresti. Koera treenimisel on oluline j\u00e4rjepidevus. Koera peab sotsialiseerima hakkama juba varajases vanuses.<\/p>\n\n\n\n<p><strong>Pesakond<\/strong><br>Pesakonnas on umbes 8-10 kutsikat.<\/p>\n\n\n\n<p><strong>Eluiga<\/strong><\/p>\n\n\n\n<p>Koera keskmine eluiga on 13-14 aastat. Kuid groenendael v\u00f5ib elada ka v\u00e4hem v\u00f5i kauem.<\/p>\n\n\n\n<h3><strong>Parim koerat\u00f5ug lastega perre<\/strong><\/h3>\n\n\n\n<p>Kuigi paljude koerte kohta on arvatud, et nad saavad lastega loomuldasa h\u00e4sti l\u00e4bi, tuleb k\u00f5iki koeri ja lapsi \u00f5petada omavahel suhtlema, \u00fcksteist austama ning turvaliselt koos elama. Ja ka sel juhul ei tohiks koeri v\u00e4ikelastega kunagi \u00fcksi j\u00e4tta, vaid t\u00e4iskasvanud peaksid neil kogu aeg silma peal hoidma.<\/p>\n","protected":false},"excerpt":{"rendered":"<p>Groenendael kuulub karjakoerte r\u00fchma. Algselt kasutati teda loomade karjatamisel. T\u00e4nap\u00e4eval on nad valve- ja seltsikoerad. Groenendael on keskmise suurusega, pikakarvaline koer. Teda aetakse tihti segi pikakarvalise saksa lambakoeraga. Belgia lambakoerad on valvsad ja aktiivsed koerad, kes on v\u00e4ga elavad ning &hellip; <a href=\"http:\/\/tervunen.tahkuranna.org\/?page_id=1984\">J\u00e4tka lugemist <span class=\"meta-nav\">&rarr;<\/span><\/a><\/p>\n","protected":false},"author":3,"featured_media":0,"parent":0,"menu_order":0,"comment_status":"closed","ping_status":"closed","template":"","meta":[],"_links":{"self":[{"href":"http:\/\/tervunen.tahkuranna.org\/index.php?rest_route=\/wp\/v2\/pages\/1984"}],"collection":[{"href":"http:\/\/tervunen.tahkuranna.org\/index.php?rest_route=\/wp\/v2\/pages"}],"about":[{"href":"http:\/\/tervunen.tahkuranna.org\/index.php?rest_route=\/wp\/v2\/types\/page"}],"author":[{"embeddable":true,"href":"http:\/\/tervunen.tahkuranna.org\/index.php?rest_route=\/wp\/v2\/users\/3"}],"replies":[{"embeddable":true,"href":"http:\/\/tervunen.tahkuranna.org\/index.php?rest_route=%2Fwp%2Fv2%2Fcomments&post=1984"}],"version-history":[{"count":23,"href":"http:\/\/tervunen.tahkuranna.org\/index.php?rest_route=\/wp\/v2\/pages\/1984\/revisions"}],"predecessor-version":[{"id":2139,"href":"http:\/\/tervunen.tahkuranna.org\/index.php?rest_route=\/wp\/v2\/pages\/1984\/revisions\/2139"}],"wp:attachment":[{"href":"http:\/\/tervunen.tahkuranna.org\/index.php?rest_route=%2Fwp%2Fv2%2Fmedia&parent=1984"}],"curies":[{"name":"wp","href":"https:\/\/api.w.org\/{rel}","templated":true}]}}