{"id":1440,"date":"2017-11-01T10:33:45","date_gmt":"2017-11-01T08:33:45","guid":{"rendered":"http:\/\/tervunen.tahkuranna.org\/?page_id=1440"},"modified":"2023-08-25T16:04:48","modified_gmt":"2023-08-25T14:04:48","slug":"2018a-plaanis-paaritus","status":"publish","type":"page","link":"http:\/\/tervunen.tahkuranna.org\/?page_id=1440","title":{"rendered":"2018a. plaanis kutsikad! ARHIIVI"},"content":{"rendered":"<p>Veel m\u00f5ned p\u00e4evad &#8230;&#8230;<\/p>\n<p><img loading=\"lazy\" class=\"aligncenter size-medium wp-image-1537\" src=\"http:\/\/tervunen.tahkuranna.org\/wp-content\/uploads\/2017\/11\/IMG_2782-590x443.jpg\" alt=\"\" width=\"590\" height=\"443\" srcset=\"http:\/\/tervunen.tahkuranna.org\/wp-content\/uploads\/2017\/11\/IMG_2782-590x443.jpg 590w, http:\/\/tervunen.tahkuranna.org\/wp-content\/uploads\/2017\/11\/IMG_2782.jpg 640w\" sizes=\"(max-width: 590px) 100vw, 590px\" \/><\/p>\n<p>Roosike on paksuke&#8230;..<\/p>\n<p><img loading=\"lazy\" class=\"aligncenter size-medium wp-image-1534\" src=\"http:\/\/tervunen.tahkuranna.org\/wp-content\/uploads\/2017\/11\/IMG_2728-590x443.jpg\" alt=\"\" width=\"590\" height=\"443\" srcset=\"http:\/\/tervunen.tahkuranna.org\/wp-content\/uploads\/2017\/11\/IMG_2728-590x443.jpg 590w, http:\/\/tervunen.tahkuranna.org\/wp-content\/uploads\/2017\/11\/IMG_2728-768x576.jpg 768w, http:\/\/tervunen.tahkuranna.org\/wp-content\/uploads\/2017\/11\/IMG_2728-950x713.jpg 950w, http:\/\/tervunen.tahkuranna.org\/wp-content\/uploads\/2017\/11\/IMG_2728.jpg 1632w\" sizes=\"(max-width: 590px) 100vw, 590px\" \/>22.06.2018 k\u00e4is Roosi ultraheli uuringul ja saime kinnitust, et Roosi ootab kutsikaid.See, palju neid seal on, see j\u00e4\u00e4b \u00f5igeks p\u00e4evaks \u00fcllatuseks.(ei olnud v\u00f5imalik tuvastada).<\/p>\n<p><img loading=\"lazy\" class=\"aligncenter size-medium wp-image-1515\" src=\"http:\/\/tervunen.tahkuranna.org\/wp-content\/uploads\/2017\/11\/IMG_2636-590x443.jpg\" alt=\"\" width=\"590\" height=\"443\" srcset=\"http:\/\/tervunen.tahkuranna.org\/wp-content\/uploads\/2017\/11\/IMG_2636-590x443.jpg 590w, http:\/\/tervunen.tahkuranna.org\/wp-content\/uploads\/2017\/11\/IMG_2636-768x576.jpg 768w, http:\/\/tervunen.tahkuranna.org\/wp-content\/uploads\/2017\/11\/IMG_2636-950x713.jpg 950w, http:\/\/tervunen.tahkuranna.org\/wp-content\/uploads\/2017\/11\/IMG_2636.jpg 1632w\" sizes=\"(max-width: 590px) 100vw, 590px\" \/><\/p>\n<p>Selline n\u00e4eb \u00f5nnelik paar v\u00e4lja peale uudise teada saamist, jalutusk\u00e4igul.<\/p>\n<p>&nbsp;<\/p>\n<p>&nbsp;<\/p>\n<p>29.04.2018 toimus paaritus Noolaroosi the Red Dragon(Roosi) ja\u00a0Red Star Bauty Tiggeriga( meie enda Tiigriga) Kahjuks planeeritud paaritus\u00a0 Ar`tfulfox`s Known As Hotberry( Brunoga) l\u00fckkub veidike edasi tulevikku.Kuna Brunol esindas samal ajal Eestit agility MM-l ja v\u00e4ga tubli tulemusega(33- koht).<\/p>\n<p>Planeeritav ultraheli uuringu aeg j\u00e4\u00e4b 24-26.05 Siis saab juba midagi \u00f6elda, et kuidas paaritus \u00f5nnestus.Kellel on rohkem huvi selle vahava t\u00f5u ja kutsikate suhtes, v\u00f5ib julgelt minule kirjutada v\u00f5i helistada. kristi@coolclips.ee tel:56484333 Vastan meeleldi!<\/p>\n<p><img loading=\"lazy\" class=\"aligncenter size-medium wp-image-1502\" src=\"http:\/\/tervunen.tahkuranna.org\/wp-content\/uploads\/2017\/11\/IMG_1816-590x443.jpg\" alt=\"\" width=\"590\" height=\"443\" srcset=\"http:\/\/tervunen.tahkuranna.org\/wp-content\/uploads\/2017\/11\/IMG_1816-590x443.jpg 590w, http:\/\/tervunen.tahkuranna.org\/wp-content\/uploads\/2017\/11\/IMG_1816-768x576.jpg 768w, http:\/\/tervunen.tahkuranna.org\/wp-content\/uploads\/2017\/11\/IMG_1816-950x713.jpg 950w, http:\/\/tervunen.tahkuranna.org\/wp-content\/uploads\/2017\/11\/IMG_1816.jpg 1632w\" sizes=\"(max-width: 590px) 100vw, 590px\" \/>Roosi v\u00e4rske Leedu t\u0161empion- Vilnius 02-04.03.2018<\/p>\n<p><img loading=\"lazy\" class=\"aligncenter size-medium wp-image-1503\" src=\"http:\/\/tervunen.tahkuranna.org\/wp-content\/uploads\/2017\/11\/IMG_1943-590x787.jpg\" alt=\"\" width=\"590\" height=\"787\" srcset=\"http:\/\/tervunen.tahkuranna.org\/wp-content\/uploads\/2017\/11\/IMG_1943-590x787.jpg 590w, http:\/\/tervunen.tahkuranna.org\/wp-content\/uploads\/2017\/11\/IMG_1943-768x1024.jpg 768w, http:\/\/tervunen.tahkuranna.org\/wp-content\/uploads\/2017\/11\/IMG_1943-950x1267.jpg 950w, http:\/\/tervunen.tahkuranna.org\/wp-content\/uploads\/2017\/11\/IMG_1943.jpg 1224w\" sizes=\"(max-width: 590px) 100vw, 590px\" \/><img loading=\"lazy\" class=\"aligncenter size-medium wp-image-1506\" src=\"http:\/\/tervunen.tahkuranna.org\/wp-content\/uploads\/2017\/11\/40039280590_6374af7d45_k-590x393.jpg\" alt=\"\" width=\"590\" height=\"393\" srcset=\"http:\/\/tervunen.tahkuranna.org\/wp-content\/uploads\/2017\/11\/40039280590_6374af7d45_k-590x393.jpg 590w, http:\/\/tervunen.tahkuranna.org\/wp-content\/uploads\/2017\/11\/40039280590_6374af7d45_k-768x512.jpg 768w, http:\/\/tervunen.tahkuranna.org\/wp-content\/uploads\/2017\/11\/40039280590_6374af7d45_k-950x633.jpg 950w, http:\/\/tervunen.tahkuranna.org\/wp-content\/uploads\/2017\/11\/40039280590_6374af7d45_k.jpg 2048w\" sizes=\"(max-width: 590px) 100vw, 590px\" \/>RED STAR BAUTY TIGGER\u00a0 (Tiiger) pilt tehtud 01.05.2018a.<\/p>\n<p>https:\/\/register.kennelliit.ee\/index.php?page=dogCard&#038;dogId=94901<\/p>\n","protected":false},"excerpt":{"rendered":"<p>Veel m\u00f5ned p\u00e4evad &#8230;&#8230; Roosike on paksuke&#8230;.. 22.06.2018 k\u00e4is Roosi ultraheli uuringul ja saime kinnitust, et Roosi ootab kutsikaid.See, palju neid seal on, see j\u00e4\u00e4b \u00f5igeks p\u00e4evaks \u00fcllatuseks.(ei olnud v\u00f5imalik tuvastada). Selline n\u00e4eb \u00f5nnelik paar v\u00e4lja peale uudise teada saamist, &hellip; <a href=\"http:\/\/tervunen.tahkuranna.org\/?page_id=1440\">J\u00e4tka lugemist <span class=\"meta-nav\">&rarr;<\/span><\/a><\/p>\n","protected":false},"author":3,"featured_media":0,"parent":1649,"menu_order":0,"comment_status":"closed","ping_status":"closed","template":"","meta":[],"_links":{"self":[{"href":"http:\/\/tervunen.tahkuranna.org\/index.php?rest_route=\/wp\/v2\/pages\/1440"}],"collection":[{"href":"http:\/\/tervunen.tahkuranna.org\/index.php?rest_route=\/wp\/v2\/pages"}],"about":[{"href":"http:\/\/tervunen.tahkuranna.org\/index.php?rest_route=\/wp\/v2\/types\/page"}],"author":[{"embeddable":true,"href":"http:\/\/tervunen.tahkuranna.org\/index.php?rest_route=\/wp\/v2\/users\/3"}],"replies":[{"embeddable":true,"href":"http:\/\/tervunen.tahkuranna.org\/index.php?rest_route=%2Fwp%2Fv2%2Fcomments&post=1440"}],"version-history":[{"count":16,"href":"http:\/\/tervunen.tahkuranna.org\/index.php?rest_route=\/wp\/v2\/pages\/1440\/revisions"}],"predecessor-version":[{"id":2430,"href":"http:\/\/tervunen.tahkuranna.org\/index.php?rest_route=\/wp\/v2\/pages\/1440\/revisions\/2430"}],"up":[{"embeddable":true,"href":"http:\/\/tervunen.tahkuranna.org\/index.php?rest_route=\/wp\/v2\/pages\/1649"}],"wp:attachment":[{"href":"http:\/\/tervunen.tahkuranna.org\/index.php?rest_route=%2Fwp%2Fv2%2Fmedia&parent=1440"}],"curies":[{"name":"wp","href":"https:\/\/api.w.org\/{rel}","templated":true}]}}